{"id":10542,"date":"2026-03-03T09:54:48","date_gmt":"2026-03-03T08:54:48","guid":{"rendered":"https:\/\/bieler-lang.de\/?page_id=10542"},"modified":"2026-04-23T13:10:51","modified_gmt":"2026-04-23T11:10:51","slug":"gas-station","status":"publish","type":"page","link":"https:\/\/bieler-lang.de\/en\/application\/gas-station\/","title":{"rendered":"Underground garage + parking garage"},"content":{"rendered":"\n<div class=\"wp-block-cover is-light is-style-abgeschnitten wp-duotone-unset-1\" style=\"min-height:360px;aspect-ratio:unset;\"><img loading=\"lazy\" decoding=\"async\" width=\"1920\" height=\"800\" class=\"wp-block-cover__image-background wp-image-10825 size-full\" alt=\"\" src=\"https:\/\/bieler-lang.de\/blcontent\/uploads\/2026\/03\/BielerLang_SafePark_Abgasueberwachung_in_Tiefgaragen_Banner_1920x800_200326-1.jpg\" style=\"object-position:50% 55%\" data-object-fit=\"cover\" data-object-position=\"50% 55%\" srcset=\"https:\/\/bieler-lang.de\/blcontent\/uploads\/2026\/03\/BielerLang_SafePark_Abgasueberwachung_in_Tiefgaragen_Banner_1920x800_200326-1.jpg 1920w, https:\/\/bieler-lang.de\/blcontent\/uploads\/2026\/03\/BielerLang_SafePark_Abgasueberwachung_in_Tiefgaragen_Banner_1920x800_200326-1-300x125.jpg 300w, https:\/\/bieler-lang.de\/blcontent\/uploads\/2026\/03\/BielerLang_SafePark_Abgasueberwachung_in_Tiefgaragen_Banner_1920x800_200326-1-1024x427.jpg 1024w, https:\/\/bieler-lang.de\/blcontent\/uploads\/2026\/03\/BielerLang_SafePark_Abgasueberwachung_in_Tiefgaragen_Banner_1920x800_200326-1-768x320.jpg 768w, https:\/\/bieler-lang.de\/blcontent\/uploads\/2026\/03\/BielerLang_SafePark_Abgasueberwachung_in_Tiefgaragen_Banner_1920x800_200326-1-1536x640.jpg 1536w, https:\/\/bieler-lang.de\/blcontent\/uploads\/2026\/03\/BielerLang_SafePark_Abgasueberwachung_in_Tiefgaragen_Banner_1920x800_200326-1-24x10.jpg 24w, https:\/\/bieler-lang.de\/blcontent\/uploads\/2026\/03\/BielerLang_SafePark_Abgasueberwachung_in_Tiefgaragen_Banner_1920x800_200326-1-36x15.jpg 36w, https:\/\/bieler-lang.de\/blcontent\/uploads\/2026\/03\/BielerLang_SafePark_Abgasueberwachung_in_Tiefgaragen_Banner_1920x800_200326-1-48x20.jpg 48w, https:\/\/bieler-lang.de\/blcontent\/uploads\/2026\/03\/BielerLang_SafePark_Abgasueberwachung_in_Tiefgaragen_Banner_1920x800_200326-1-600x250.jpg 600w\" sizes=\"auto, (max-width: 1920px) 100vw, 1920px\" \/><span aria-hidden=\"true\" class=\"wp-block-cover__background has-background-dim-0 has-background-dim\" style=\"background-color:#d0d1d0\"><\/span><div class=\"wp-block-cover__inner-container is-layout-constrained wp-block-cover-is-layout-constrained\">\n<p class=\"has-text-align-center has-large-font-size\"><\/p>\n<\/div><\/div>\n\n<div class=\"wp-block-bl-block-spacer\"><div class=\"is-style-medium\"><\/div><\/div>\n\n<h1 class=\"wp-block-heading\" id=\"h-abgasuberwachung-in-tiefgaragen-parkhausern\">Exhaust gas monitoring in underground garages + parking garages<\/h1>\n\n<h2 class=\"wp-block-heading\" id=\"h-uberwachung-von-autoabgasen-wie-kohlenmonoxid-co-stickstoffmonoxid-no-stickstoffdioxid-no&#x2082;-in-tiefgaragen-parkhausern-nach-en-50545-1\">Monitoring of vehicle exhaust gases such as carbon monoxide CO, nitrogen monoxide NO, nitrogen dioxide NO\u2082 in underground garages + parking garages according to EN 50545-1<\/h2>\n\n<div class=\"wp-block-bl-block-spacer\"><div class=\"is-style-small\"><\/div><\/div>\n\n<figure class=\"wp-block-image size-large is-resized\"><img loading=\"lazy\" decoding=\"async\" width=\"1024\" height=\"427\" src=\"https:\/\/bieler-lang.de\/blcontent\/uploads\/2026\/03\/Bieler-Lang_SafePark_Abgasueberwachung-im-Parkhaus-und-Tiefgarage_Slider_1_1920x800_230226-1024x427.jpg\" alt=\"\" class=\"wp-image-10857\" style=\"aspect-ratio:2.3981729495023543;width:1475px;height:auto\" srcset=\"https:\/\/bieler-lang.de\/blcontent\/uploads\/2026\/03\/Bieler-Lang_SafePark_Abgasueberwachung-im-Parkhaus-und-Tiefgarage_Slider_1_1920x800_230226-1024x427.jpg 1024w, https:\/\/bieler-lang.de\/blcontent\/uploads\/2026\/03\/Bieler-Lang_SafePark_Abgasueberwachung-im-Parkhaus-und-Tiefgarage_Slider_1_1920x800_230226-300x125.jpg 300w, https:\/\/bieler-lang.de\/blcontent\/uploads\/2026\/03\/Bieler-Lang_SafePark_Abgasueberwachung-im-Parkhaus-und-Tiefgarage_Slider_1_1920x800_230226-768x320.jpg 768w, https:\/\/bieler-lang.de\/blcontent\/uploads\/2026\/03\/Bieler-Lang_SafePark_Abgasueberwachung-im-Parkhaus-und-Tiefgarage_Slider_1_1920x800_230226-1536x640.jpg 1536w, https:\/\/bieler-lang.de\/blcontent\/uploads\/2026\/03\/Bieler-Lang_SafePark_Abgasueberwachung-im-Parkhaus-und-Tiefgarage_Slider_1_1920x800_230226-24x10.jpg 24w, https:\/\/bieler-lang.de\/blcontent\/uploads\/2026\/03\/Bieler-Lang_SafePark_Abgasueberwachung-im-Parkhaus-und-Tiefgarage_Slider_1_1920x800_230226-36x15.jpg 36w, https:\/\/bieler-lang.de\/blcontent\/uploads\/2026\/03\/Bieler-Lang_SafePark_Abgasueberwachung-im-Parkhaus-und-Tiefgarage_Slider_1_1920x800_230226-48x20.jpg 48w, https:\/\/bieler-lang.de\/blcontent\/uploads\/2026\/03\/Bieler-Lang_SafePark_Abgasueberwachung-im-Parkhaus-und-Tiefgarage_Slider_1_1920x800_230226-600x250.jpg 600w, https:\/\/bieler-lang.de\/blcontent\/uploads\/2026\/03\/Bieler-Lang_SafePark_Abgasueberwachung-im-Parkhaus-und-Tiefgarage_Slider_1_1920x800_230226.jpg 1920w\" sizes=\"auto, (max-width: 1024px) 100vw, 1024px\" \/><\/figure>\n\n<div class=\"wp-block-bl-block-spacer\"><div class=\"is-style-small\"><\/div><\/div>\n\n<h1 class=\"wp-block-heading\" id=\"h-bald-verfugbar-safepark-von-bieler-lang\"><strong>Available soon:<\/strong> SafePark from Bieler+Lang<\/h1>\n\n<div class=\"wp-block-bl-block-spacer\"><div class=\"is-style-small\"><\/div><\/div>\n\n<h4 class=\"wp-block-heading\" id=\"h-aus-tradition-gut-seit-jahrzehnten-bewahrt-bieler-lang-gaswarngerate-haben-sich-in-parkhauser-und-tiefgaragen-seit-langem-einen-namen-gemacht\">Traditionally good. Proven for decades: <strong>Bieler+Lang gas detectors<\/strong> have long made a name for themselves in parking garages and underground garages. <\/h4>\n\n<div class=\"wp-block-bl-block-spacer\"><div class=\"is-style-small\"><\/div><\/div>\n\n<p>Bieler+Lang&#8217;s extensive product range traditionally includes a large selection of <strong>sensors<\/strong> and <strong>evaluation devices <\/strong>for monitoring <strong>hazardous exhaust gases in garages, underground garages, parking garages<\/strong> and tunnels. Our technical sales department or our service partners will work with you to tailor each gas detection system specifically to the needs of your building and hazard situation. Let us advise you now without obligation!  <\/p>\n\n<div class=\"wp-block-bl-block-spacer\"><div class=\"is-style-small\"><\/div><\/div>\n\n<p><\/p>\n\n<div class=\"wp-block-bl-block-spacer\"><div class=\"is-style-small\"><\/div><\/div>\n\n<h4 class=\"wp-block-heading\" id=\"h-unsere-neuen-gaswarnprodukte-der-serie-bieler-lang-safepark-stehen-ihnen-bald-zur-verfugung\">Our new gas detection products from the <strong>Bieler+Lang SafePark<\/strong> series will soon be available.<\/h4>\n\n<p>In a few weeks, Bieler+Lang will be introducing a new, digital system technology specifically for monitoring hazardous and toxic gases in parking garages and underground garages. The <strong>Bieler+Lang SafePark<\/strong> devices are characterized by modern, reliable measuring methods, all common interfaces for controlling ventilation systems and warning systems and the innovative 2-wire BUS technology. The result is not only standard-compliant monitoring and operation of your system in accordance with <strong>EN 50545-1<\/strong>:2011 + A1:2016 and <strong>EN 50271<\/strong>:2018, but also a wide range of potential savings in the operation, installation and servicing of your new gas warning system.  <\/p>\n\n<div class=\"wp-block-bl-block-spacer\"><div class=\"is-style-small\"><\/div><\/div>\n\n<h4 class=\"wp-block-heading\" id=\"h-die-bieler-lang-safepark-gerate-in-der-ubersicht-innovation-in-der-parkhausuberwachung-weitere-gerate-folgen-bald\">The Bieler+Lang SafePark devices at a glance &#8211; innovation in parking garage surveillance. More devices to follow soon&#8230;.   <\/h4>\n<div data-block-name=\"woocommerce\/product-category\" data-categories=\"[399]\" class=\"wc-block-grid wp-block-product-category wp-block-woocommerce-product-category wc-block-product-category has-3-columns has-multiple-rows\"><ul class=\"wc-block-grid__products\"><li class=\"wc-block-grid__product\">\n\t\t\t\t<a href=\"https:\/\/bieler-lang.de\/en\/product\/safepark-gateway-c6\/\" class=\"wc-block-grid__product-link\">\n\t\t\t\t\t\n\t\t\t\t\t<div class=\"wc-block-grid__product-image\"><img loading=\"lazy\" decoding=\"async\" width=\"300\" height=\"300\" src=\"https:\/\/bieler-lang.de\/blcontent\/uploads\/2026\/02\/SafePark_GATEWAY-C6_BielerLang_Parkhaus_Gaswarnanlage_digitales_2-Draht-BUS-Auswertegeraet_bis_128_Messtellen_fuer_DIN-Schiene_Frontalansicht_240226-300x300.jpg\" class=\"attachment-woocommerce_thumbnail size-woocommerce_thumbnail\" alt=\"SafePark_GATEWAY-C+6_Bieler+Lang_Parkhaus_Gaswarnanlage_digitales_2-Draht-BUS-Auswerteger\u00e4t_f\u00fcr bis zu 128_Messtellen_f\u00fcr_DIN-Schiene_Frontalansicht\" srcset=\"https:\/\/bieler-lang.de\/blcontent\/uploads\/2026\/02\/SafePark_GATEWAY-C6_BielerLang_Parkhaus_Gaswarnanlage_digitales_2-Draht-BUS-Auswertegeraet_bis_128_Messtellen_fuer_DIN-Schiene_Frontalansicht_240226-300x300.jpg 300w, https:\/\/bieler-lang.de\/blcontent\/uploads\/2026\/02\/SafePark_GATEWAY-C6_BielerLang_Parkhaus_Gaswarnanlage_digitales_2-Draht-BUS-Auswertegeraet_bis_128_Messtellen_fuer_DIN-Schiene_Frontalansicht_240226-150x150.jpg 150w, https:\/\/bieler-lang.de\/blcontent\/uploads\/2026\/02\/SafePark_GATEWAY-C6_BielerLang_Parkhaus_Gaswarnanlage_digitales_2-Draht-BUS-Auswertegeraet_bis_128_Messtellen_fuer_DIN-Schiene_Frontalansicht_240226-256x256.jpg 256w, https:\/\/bieler-lang.de\/blcontent\/uploads\/2026\/02\/SafePark_GATEWAY-C6_BielerLang_Parkhaus_Gaswarnanlage_digitales_2-Draht-BUS-Auswertegeraet_bis_128_Messtellen_fuer_DIN-Schiene_Frontalansicht_240226-100x100.jpg 100w, https:\/\/bieler-lang.de\/blcontent\/uploads\/2026\/02\/SafePark_GATEWAY-C6_BielerLang_Parkhaus_Gaswarnanlage_digitales_2-Draht-BUS-Auswertegeraet_bis_128_Messtellen_fuer_DIN-Schiene_Frontalansicht_240226-460x460.jpg 460w\" sizes=\"auto, (max-width: 300px) 100vw, 300px\" \/><\/div>\n\t\t\t\t\t<div class=\"wc-block-grid__product-title\">SafePark GATEWAY-C+6<\/div>\n\t\t\t\t<\/a>\n\t\t\t\t<div class=\"wc-block-grid__product-price price\"><\/div>\n\t\t\t\t\n\t\t\t\t<div class=\"wp-block-button wc-block-grid__product-add-to-cart\"><a href=\"https:\/\/bieler-lang.de\/en\/product\/safepark-gateway-c6\/\" aria-label=\"Read more about &ldquo;SafePark GATEWAY-C+6&rdquo;\" data-quantity=\"1\" data-product_id=\"10507\" data-product_sku=\"\" data-price=\"0\" rel=\"nofollow\" class=\"wp-block-button__link  add_to_cart_button\">Learn more<\/a><\/div>\n\t\t\t<\/li><li class=\"wc-block-grid__product\">\n\t\t\t\t<a href=\"https:\/\/bieler-lang.de\/en\/product\/gmc-650c-safepark-hmi-switchboard\/\" class=\"wc-block-grid__product-link\">\n\t\t\t\t\t\n\t\t\t\t\t<div class=\"wc-block-grid__product-image\"><img loading=\"lazy\" decoding=\"async\" width=\"300\" height=\"300\" src=\"https:\/\/bieler-lang.de\/blcontent\/uploads\/2026\/03\/GMC-650C-SafePark-Switschboard_HMI_BielerLang_Tiefgaragen_Parkhaus_Gaswarnanlage_2-Draht-BUS-Bedieneinheit_mit_Farbwechseldispl-300x300.jpg\" class=\"attachment-woocommerce_thumbnail size-woocommerce_thumbnail\" alt=\"GMC 650C SafePark Switschboard_HMI_Bieler+Lang_Tiefgaragen_Parkhaus_Gaswarnanlage_2-Draht-BUS-Bedieneinheit_mit_Farbwechseldisplay\" srcset=\"https:\/\/bieler-lang.de\/blcontent\/uploads\/2026\/03\/GMC-650C-SafePark-Switschboard_HMI_BielerLang_Tiefgaragen_Parkhaus_Gaswarnanlage_2-Draht-BUS-Bedieneinheit_mit_Farbwechseldispl-300x300.jpg 300w, https:\/\/bieler-lang.de\/blcontent\/uploads\/2026\/03\/GMC-650C-SafePark-Switschboard_HMI_BielerLang_Tiefgaragen_Parkhaus_Gaswarnanlage_2-Draht-BUS-Bedieneinheit_mit_Farbwechseldispl-150x150.jpg 150w, https:\/\/bieler-lang.de\/blcontent\/uploads\/2026\/03\/GMC-650C-SafePark-Switschboard_HMI_BielerLang_Tiefgaragen_Parkhaus_Gaswarnanlage_2-Draht-BUS-Bedieneinheit_mit_Farbwechseldispl-256x256.jpg 256w, https:\/\/bieler-lang.de\/blcontent\/uploads\/2026\/03\/GMC-650C-SafePark-Switschboard_HMI_BielerLang_Tiefgaragen_Parkhaus_Gaswarnanlage_2-Draht-BUS-Bedieneinheit_mit_Farbwechseldispl-100x100.jpg 100w, https:\/\/bieler-lang.de\/blcontent\/uploads\/2026\/03\/GMC-650C-SafePark-Switschboard_HMI_BielerLang_Tiefgaragen_Parkhaus_Gaswarnanlage_2-Draht-BUS-Bedieneinheit_mit_Farbwechseldispl-460x460.jpg 460w\" sizes=\"auto, (max-width: 300px) 100vw, 300px\" \/><\/div>\n\t\t\t\t\t<div class=\"wc-block-grid__product-title\">GMC 650C SafePark HMI<\/div>\n\t\t\t\t<\/a>\n\t\t\t\t<div class=\"wc-block-grid__product-price price\"><\/div>\n\t\t\t\t\n\t\t\t\t<div class=\"wp-block-button wc-block-grid__product-add-to-cart\"><a href=\"https:\/\/bieler-lang.de\/en\/product\/gmc-650c-safepark-hmi-switchboard\/\" aria-label=\"Read more about &ldquo;GMC 650C SafePark HMI&rdquo;\" data-quantity=\"1\" data-product_id=\"10204\" data-product_sku=\"\" data-price=\"0\" rel=\"nofollow\" class=\"wp-block-button__link  add_to_cart_button\">Learn more<\/a><\/div>\n\t\t\t<\/li><li class=\"wc-block-grid__product\">\n\t\t\t\t<a href=\"https:\/\/bieler-lang.de\/en\/product\/safepark-gateway-c\/\" class=\"wc-block-grid__product-link\">\n\t\t\t\t\t\n\t\t\t\t\t<div class=\"wc-block-grid__product-image\"><img loading=\"lazy\" decoding=\"async\" width=\"300\" height=\"300\" src=\"https:\/\/bieler-lang.de\/blcontent\/uploads\/2026\/02\/SafePark_GATEWAY-C_BielerLang_Parkhaus_Gaswarnanlage_digitales_2-Draht-BUS-Auswertegeraet_bis_32_Messtellen_fuer_DIN-Schiene_Frontalansicht_230226-300x300.jpg\" class=\"attachment-woocommerce_thumbnail size-woocommerce_thumbnail\" alt=\"SafePark_GATEWAY-C_Bieler+Lang_Parkhaus_Gaswarnanlage_digitales_2-Draht-BUS-Auswerteger\u00e4t_bis_32_Messtellen_f\u00fcr_DIN-Schiene_Front\" srcset=\"https:\/\/bieler-lang.de\/blcontent\/uploads\/2026\/02\/SafePark_GATEWAY-C_BielerLang_Parkhaus_Gaswarnanlage_digitales_2-Draht-BUS-Auswertegeraet_bis_32_Messtellen_fuer_DIN-Schiene_Frontalansicht_230226-300x300.jpg 300w, https:\/\/bieler-lang.de\/blcontent\/uploads\/2026\/02\/SafePark_GATEWAY-C_BielerLang_Parkhaus_Gaswarnanlage_digitales_2-Draht-BUS-Auswertegeraet_bis_32_Messtellen_fuer_DIN-Schiene_Frontalansicht_230226-150x150.jpg 150w, https:\/\/bieler-lang.de\/blcontent\/uploads\/2026\/02\/SafePark_GATEWAY-C_BielerLang_Parkhaus_Gaswarnanlage_digitales_2-Draht-BUS-Auswertegeraet_bis_32_Messtellen_fuer_DIN-Schiene_Frontalansicht_230226-256x256.jpg 256w, https:\/\/bieler-lang.de\/blcontent\/uploads\/2026\/02\/SafePark_GATEWAY-C_BielerLang_Parkhaus_Gaswarnanlage_digitales_2-Draht-BUS-Auswertegeraet_bis_32_Messtellen_fuer_DIN-Schiene_Frontalansicht_230226-100x100.jpg 100w, https:\/\/bieler-lang.de\/blcontent\/uploads\/2026\/02\/SafePark_GATEWAY-C_BielerLang_Parkhaus_Gaswarnanlage_digitales_2-Draht-BUS-Auswertegeraet_bis_32_Messtellen_fuer_DIN-Schiene_Frontalansicht_230226-460x460.jpg 460w\" sizes=\"auto, (max-width: 300px) 100vw, 300px\" \/><\/div>\n\t\t\t\t\t<div class=\"wc-block-grid__product-title\">SafePark GATEWAY-C<\/div>\n\t\t\t\t<\/a>\n\t\t\t\t<div class=\"wc-block-grid__product-price price\"><\/div>\n\t\t\t\t\n\t\t\t\t<div class=\"wp-block-button wc-block-grid__product-add-to-cart\"><a href=\"https:\/\/bieler-lang.de\/en\/product\/safepark-gateway-c\/\" aria-label=\"Read more about &ldquo;SafePark GATEWAY-C&rdquo;\" data-quantity=\"1\" data-product_id=\"10198\" data-product_sku=\"\" data-price=\"0\" rel=\"nofollow\" class=\"wp-block-button__link  add_to_cart_button\">Learn more<\/a><\/div>\n\t\t\t<\/li><\/ul><\/div>\n<div class=\"wp-block-bl-block-spacer\"><div class=\"is-style-small\"><\/div><\/div>\n\n<h4 class=\"wp-block-heading\" id=\"h-bald-verfugbar-bieler-lang-safepark-gerate-speziell-fur-parkhauser-und-tiefgaragen-gemacht\">Available soon: <strong>Bieler+Lang SafePark<\/strong> devices &#8211; specially designed for parking garages and underground parking lots.<\/h4>\n\n<p>In addition to the standard-compliant monitoring of typical toxic parking garage exhaust gases such as <strong><a href=\"https:\/\/bieler-lang.de\/en\/gases\/toxic-gases\/carbon-monoxide_co\/\">carbon monoxide CO<\/a><\/strong>, <strong>nitrogen monoxide NO<\/strong> and <strong><a href=\"https:\/\/bieler-lang.de\/en\/gases\/toxic-gases\/nitrogen-dioxide_no2\/\" target=\"_blank\" rel=\"noreferrer noopener\">nitrogen dioxide NO\u2082<\/a><\/strong> numerous gas warning devices and measuring systems are also available for monitoring other, often highly explosive gases such as <strong><a href=\"https:\/\/bieler-lang.de\/en\/application\/hydrogen\/hydrogen-in-mobility\/\">Hydrogen H\u2082<\/a><\/strong> (e.g. for battery monitoring in electric vehicles), the typical <strong><a href=\"https:\/\/bieler-lang.de\/en\/application\/lpg-lng-cng\/\">car and liquefied petroleum gas LPG<\/a><\/strong> (important component: <a href=\"https:\/\/bieler-lang.de\/en\/gases\/explosive-flammable-gases\/propan_c3h8\/\"><strong>Propane<\/strong> <strong>C\u2083H\u2088<\/strong><\/a>), and other toxic and explosive gases.<\/p>\n\n<div class=\"wp-block-bl-block-spacer\"><div class=\"is-style-large\"><\/div><\/div>\n\n<p><\/p>\n","protected":false},"excerpt":{"rendered":"<p>Exhaust gas monitoring in underground garages + parking garages Monitoring of vehicle exhaust gases such as carbon monoxide CO, nitrogen monoxide NO, nitrogen dioxide NO\u2082 in underground garages + parking garages according to EN 50545-1 Available soon: SafePark from Bieler+Lang Traditionally good. Proven for decades: Bieler+Lang gas detectors have long made a name for themselves [&hellip;]<\/p>\n","protected":false},"author":1,"featured_media":0,"parent":6206,"menu_order":140,"comment_status":"closed","ping_status":"closed","template":"","meta":{"inline_featured_image":false,"footnotes":""},"class_list":["post-10542","page","type-page","status-publish","hentry"],"yoast_head":"<!-- This site is optimized with the Yoast SEO Premium plugin v27.4 (Yoast SEO v27.4) - https:\/\/yoast.com\/product\/yoast-seo-premium-wordpress\/ -->\n<title>Underground garage + parking garage - Bieler+Lang<\/title>\n<meta name=\"description\" content=\"Exhaust gas monitoring in underground garages + parking garages\" \/>\n<meta name=\"robots\" content=\"index, follow, max-snippet:-1, max-image-preview:large, max-video-preview:-1\" \/>\n<link rel=\"canonical\" href=\"https:\/\/bieler-lang.de\/en\/application\/gas-station\/\" \/>\n<meta property=\"og:locale\" content=\"en_US\" \/>\n<meta property=\"og:type\" content=\"article\" \/>\n<meta property=\"og:title\" content=\"Underground garage + parking garage\" \/>\n<meta property=\"og:description\" content=\"Exhaust gas monitoring in underground garages + parking garages\" \/>\n<meta property=\"og:url\" content=\"https:\/\/bieler-lang.de\/en\/application\/gas-station\/\" \/>\n<meta property=\"og:site_name\" content=\"Bieler+Lang\" \/>\n<meta property=\"article:publisher\" content=\"https:\/\/www.facebook.com\/profile.php?id=61560570132188\" \/>\n<meta property=\"article:modified_time\" content=\"2026-04-23T11:10:51+00:00\" \/>\n<meta property=\"og:image\" content=\"https:\/\/bieler-lang.de\/blcontent\/uploads\/2026\/03\/BielerLang_SafePark_Abgasueberwachung_in_Tiefgaragen_Banner_1920x800_200326-1.jpg\" \/>\n\t<meta property=\"og:image:width\" content=\"1920\" \/>\n\t<meta property=\"og:image:height\" content=\"800\" \/>\n\t<meta property=\"og:image:type\" content=\"image\/jpeg\" \/>\n<meta name=\"twitter:card\" content=\"summary_large_image\" \/>\n<meta name=\"twitter:label1\" content=\"Est. reading time\" \/>\n\t<meta name=\"twitter:data1\" content=\"2 minutes\" \/>\n<script type=\"application\/ld+json\" class=\"yoast-schema-graph\">{\"@context\":\"https:\\\/\\\/schema.org\",\"@graph\":[{\"@type\":\"WebPage\",\"@id\":\"https:\\\/\\\/bieler-lang.de\\\/en\\\/application\\\/gas-station\\\/\",\"url\":\"https:\\\/\\\/bieler-lang.de\\\/en\\\/application\\\/gas-station\\\/\",\"name\":\"Underground garage + parking garage - Bieler+Lang\",\"isPartOf\":{\"@id\":\"https:\\\/\\\/bieler-lang.de\\\/#website\"},\"primaryImageOfPage\":{\"@id\":\"https:\\\/\\\/bieler-lang.de\\\/en\\\/application\\\/gas-station\\\/#primaryimage\"},\"image\":{\"@id\":\"https:\\\/\\\/bieler-lang.de\\\/en\\\/application\\\/gas-station\\\/#primaryimage\"},\"thumbnailUrl\":\"https:\\\/\\\/bieler-lang.de\\\/blcontent\\\/uploads\\\/2026\\\/03\\\/BielerLang_SafePark_Abgasueberwachung_in_Tiefgaragen_Banner_1920x800_200326-1.jpg\",\"datePublished\":\"2026-03-03T08:54:48+00:00\",\"dateModified\":\"2026-04-23T11:10:51+00:00\",\"description\":\"Exhaust gas monitoring in underground garages + parking garages\",\"breadcrumb\":{\"@id\":\"https:\\\/\\\/bieler-lang.de\\\/en\\\/application\\\/gas-station\\\/#breadcrumb\"},\"inLanguage\":\"en-US\",\"potentialAction\":[{\"@type\":\"ReadAction\",\"target\":[\"https:\\\/\\\/bieler-lang.de\\\/en\\\/application\\\/gas-station\\\/\"]}]},{\"@type\":\"ImageObject\",\"inLanguage\":\"en-US\",\"@id\":\"https:\\\/\\\/bieler-lang.de\\\/en\\\/application\\\/gas-station\\\/#primaryimage\",\"url\":\"https:\\\/\\\/bieler-lang.de\\\/blcontent\\\/uploads\\\/2026\\\/03\\\/BielerLang_SafePark_Abgasueberwachung_in_Tiefgaragen_Banner_1920x800_200326-1.jpg\",\"contentUrl\":\"https:\\\/\\\/bieler-lang.de\\\/blcontent\\\/uploads\\\/2026\\\/03\\\/BielerLang_SafePark_Abgasueberwachung_in_Tiefgaragen_Banner_1920x800_200326-1.jpg\"},{\"@type\":\"BreadcrumbList\",\"@id\":\"https:\\\/\\\/bieler-lang.de\\\/en\\\/application\\\/gas-station\\\/#breadcrumb\",\"itemListElement\":[{\"@type\":\"ListItem\",\"position\":1,\"name\":\"Home\",\"item\":\"https:\\\/\\\/bieler-lang.de\\\/en\\\/\"},{\"@type\":\"ListItem\",\"position\":2,\"name\":\"Application\",\"item\":\"https:\\\/\\\/bieler-lang.de\\\/en\\\/application\\\/\"},{\"@type\":\"ListItem\",\"position\":3,\"name\":\"Underground garage + parking garage\"}]},{\"@type\":\"WebSite\",\"@id\":\"https:\\\/\\\/bieler-lang.de\\\/#website\",\"url\":\"https:\\\/\\\/bieler-lang.de\\\/\",\"name\":\"Bieler+Lang\",\"description\":\"Eine weitere WordPress-Website\",\"potentialAction\":[{\"@type\":\"SearchAction\",\"target\":{\"@type\":\"EntryPoint\",\"urlTemplate\":\"https:\\\/\\\/bieler-lang.de\\\/?s={search_term_string}\"},\"query-input\":{\"@type\":\"PropertyValueSpecification\",\"valueRequired\":true,\"valueName\":\"search_term_string\"}}],\"inLanguage\":\"en-US\"}]}<\/script>\n<!-- \/ Yoast SEO Premium plugin. -->","yoast_head_json":{"title":"Underground garage + parking garage - Bieler+Lang","description":"Exhaust gas monitoring in underground garages + parking garages","robots":{"index":"index","follow":"follow","max-snippet":"max-snippet:-1","max-image-preview":"max-image-preview:large","max-video-preview":"max-video-preview:-1"},"canonical":"https:\/\/bieler-lang.de\/en\/application\/gas-station\/","og_locale":"en_US","og_type":"article","og_title":"Underground garage + parking garage","og_description":"Exhaust gas monitoring in underground garages + parking garages","og_url":"https:\/\/bieler-lang.de\/en\/application\/gas-station\/","og_site_name":"Bieler+Lang","article_publisher":"https:\/\/www.facebook.com\/profile.php?id=61560570132188","article_modified_time":"2026-04-23T11:10:51+00:00","og_image":[{"width":1920,"height":800,"url":"https:\/\/bieler-lang.de\/blcontent\/uploads\/2026\/03\/BielerLang_SafePark_Abgasueberwachung_in_Tiefgaragen_Banner_1920x800_200326-1.jpg","type":"image\/jpeg"}],"twitter_card":"summary_large_image","twitter_misc":{"Est. reading time":"2 minutes"},"schema":{"@context":"https:\/\/schema.org","@graph":[{"@type":"WebPage","@id":"https:\/\/bieler-lang.de\/en\/application\/gas-station\/","url":"https:\/\/bieler-lang.de\/en\/application\/gas-station\/","name":"Underground garage + parking garage - Bieler+Lang","isPartOf":{"@id":"https:\/\/bieler-lang.de\/#website"},"primaryImageOfPage":{"@id":"https:\/\/bieler-lang.de\/en\/application\/gas-station\/#primaryimage"},"image":{"@id":"https:\/\/bieler-lang.de\/en\/application\/gas-station\/#primaryimage"},"thumbnailUrl":"https:\/\/bieler-lang.de\/blcontent\/uploads\/2026\/03\/BielerLang_SafePark_Abgasueberwachung_in_Tiefgaragen_Banner_1920x800_200326-1.jpg","datePublished":"2026-03-03T08:54:48+00:00","dateModified":"2026-04-23T11:10:51+00:00","description":"Exhaust gas monitoring in underground garages + parking garages","breadcrumb":{"@id":"https:\/\/bieler-lang.de\/en\/application\/gas-station\/#breadcrumb"},"inLanguage":"en-US","potentialAction":[{"@type":"ReadAction","target":["https:\/\/bieler-lang.de\/en\/application\/gas-station\/"]}]},{"@type":"ImageObject","inLanguage":"en-US","@id":"https:\/\/bieler-lang.de\/en\/application\/gas-station\/#primaryimage","url":"https:\/\/bieler-lang.de\/blcontent\/uploads\/2026\/03\/BielerLang_SafePark_Abgasueberwachung_in_Tiefgaragen_Banner_1920x800_200326-1.jpg","contentUrl":"https:\/\/bieler-lang.de\/blcontent\/uploads\/2026\/03\/BielerLang_SafePark_Abgasueberwachung_in_Tiefgaragen_Banner_1920x800_200326-1.jpg"},{"@type":"BreadcrumbList","@id":"https:\/\/bieler-lang.de\/en\/application\/gas-station\/#breadcrumb","itemListElement":[{"@type":"ListItem","position":1,"name":"Home","item":"https:\/\/bieler-lang.de\/en\/"},{"@type":"ListItem","position":2,"name":"Application","item":"https:\/\/bieler-lang.de\/en\/application\/"},{"@type":"ListItem","position":3,"name":"Underground garage + parking garage"}]},{"@type":"WebSite","@id":"https:\/\/bieler-lang.de\/#website","url":"https:\/\/bieler-lang.de\/","name":"Bieler+Lang","description":"Eine weitere WordPress-Website","potentialAction":[{"@type":"SearchAction","target":{"@type":"EntryPoint","urlTemplate":"https:\/\/bieler-lang.de\/?s={search_term_string}"},"query-input":{"@type":"PropertyValueSpecification","valueRequired":true,"valueName":"search_term_string"}}],"inLanguage":"en-US"}]}},"_links":{"self":[{"href":"https:\/\/bieler-lang.de\/en\/wp-json\/wp\/v2\/pages\/10542","targetHints":{"allow":["GET"]}}],"collection":[{"href":"https:\/\/bieler-lang.de\/en\/wp-json\/wp\/v2\/pages"}],"about":[{"href":"https:\/\/bieler-lang.de\/en\/wp-json\/wp\/v2\/types\/page"}],"author":[{"embeddable":true,"href":"https:\/\/bieler-lang.de\/en\/wp-json\/wp\/v2\/users\/1"}],"replies":[{"embeddable":true,"href":"https:\/\/bieler-lang.de\/en\/wp-json\/wp\/v2\/comments?post=10542"}],"version-history":[{"count":8,"href":"https:\/\/bieler-lang.de\/en\/wp-json\/wp\/v2\/pages\/10542\/revisions"}],"predecessor-version":[{"id":11140,"href":"https:\/\/bieler-lang.de\/en\/wp-json\/wp\/v2\/pages\/10542\/revisions\/11140"}],"up":[{"embeddable":true,"href":"https:\/\/bieler-lang.de\/en\/wp-json\/wp\/v2\/pages\/6206"}],"wp:attachment":[{"href":"https:\/\/bieler-lang.de\/en\/wp-json\/wp\/v2\/media?parent=10542"}],"curies":[{"name":"wp","href":"https:\/\/api.w.org\/{rel}","templated":true}]}}