{"id":6262,"date":"2024-11-28T11:27:15","date_gmt":"2024-11-28T10:27:15","guid":{"rendered":"https:\/\/bieler-lang.de\/erdgas\/"},"modified":"2026-04-27T17:28:17","modified_gmt":"2026-04-27T15:28:17","slug":"natural-gas","status":"publish","type":"page","link":"https:\/\/bieler-lang.de\/en\/gases\/explosive-flammable-gases\/natural-gas\/","title":{"rendered":"Natural gas (mixture, mainly CH\u2084)"},"content":{"rendered":"\n<div class=\"wp-block-cover is-light is-style-abgeschnitten\" style=\"min-height:360px;aspect-ratio:unset;\"><img loading=\"lazy\" decoding=\"async\" width=\"1920\" height=\"800\" class=\"wp-block-cover__image-background wp-image-8869 size-full\" alt=\"Bieler+Lang : Gas\u00fcbersicht\" src=\"https:\/\/bieler-lang.de\/blcontent\/uploads\/2025\/08\/Bieler-Lang_Gas2__1920x800_AI_.jpg\" data-object-fit=\"cover\" srcset=\"https:\/\/bieler-lang.de\/blcontent\/uploads\/2025\/08\/Bieler-Lang_Gas2__1920x800_AI_.jpg 1920w, https:\/\/bieler-lang.de\/blcontent\/uploads\/2025\/08\/Bieler-Lang_Gas2__1920x800_AI_-300x125.jpg 300w, https:\/\/bieler-lang.de\/blcontent\/uploads\/2025\/08\/Bieler-Lang_Gas2__1920x800_AI_-1024x427.jpg 1024w, https:\/\/bieler-lang.de\/blcontent\/uploads\/2025\/08\/Bieler-Lang_Gas2__1920x800_AI_-768x320.jpg 768w, https:\/\/bieler-lang.de\/blcontent\/uploads\/2025\/08\/Bieler-Lang_Gas2__1920x800_AI_-1536x640.jpg 1536w, https:\/\/bieler-lang.de\/blcontent\/uploads\/2025\/08\/Bieler-Lang_Gas2__1920x800_AI_-24x10.jpg 24w, https:\/\/bieler-lang.de\/blcontent\/uploads\/2025\/08\/Bieler-Lang_Gas2__1920x800_AI_-36x15.jpg 36w, https:\/\/bieler-lang.de\/blcontent\/uploads\/2025\/08\/Bieler-Lang_Gas2__1920x800_AI_-48x20.jpg 48w, https:\/\/bieler-lang.de\/blcontent\/uploads\/2025\/08\/Bieler-Lang_Gas2__1920x800_AI_-600x250.jpg 600w\" sizes=\"auto, (max-width: 1920px) 100vw, 1920px\" \/><span aria-hidden=\"true\" class=\"wp-block-cover__background has-background-dim-0 has-background-dim\" style=\"background-color:#a5bbc7\"><\/span><div class=\"wp-block-cover__inner-container is-layout-constrained wp-block-cover-is-layout-constrained\">\n<p class=\"has-text-align-center has-large-font-size\"><\/p>\n<\/div><\/div>\n\n\n\n<div class=\"wp-block-bl-block-spacer\"><div class=\"is-style-small\"><\/div><\/div>\n\n\n\n<h1 class=\"wp-block-heading\" id=\"h-natural-gas-mixture-mainly-ch4-safety\">Natural Gas (mixture, mainly <sub>CH4<\/sub>) Safety<\/h1>\n\n\n\n<h2 class=\"wp-block-heading\" id=\"h-more-safety-with-gas-detectors\"><strong>More safety with gas detectors<\/strong><\/h2>\n\n\n\n<div class=\"wp-block-bl-block-spacer\"><div class=\"is-style-small\"><\/div><\/div>\n\n\n\n<p><strong>Natural gas<\/strong> is one of the most important <strong>sources of energy<\/strong> worldwide &#8211; it is <strong>low-emission<\/strong>, <strong>energy-efficient<\/strong> and can be used flexibly in many areas. Whether in <strong>households<\/strong>, <strong>industrial plants<\/strong>, <strong>power stations<\/strong> or <strong>transportation<\/strong>, natural gas offers numerous advantages. At the same time, however, <strong>natural gas is highly flammable<\/strong> and even <strong>the smallest leaks<\/strong> can have serious consequences.  <\/p>\n\n\n\n<div class=\"wp-block-bl-block-spacer\"><div class=\"is-style-small\"><\/div><\/div>\n\n\n\n<h5 class=\"wp-block-heading\" id=\"h-methane-as-a-hazard-explosive-potential-if-gas-escapes\">Methane as a hazard: explosive potential if gas escapes<\/h5>\n\n\n\n<p><\/p>\n\n\n\n<p>The main component of natural gas is <strong>methane (CH\u2084)<\/strong> &#8211; a colorless, odorless and highly flammable gas. To make it perceptible in everyday life, it is mixed with an <strong>odorant<\/strong>. Nevertheless, there is still a high risk:<br>A <strong>flammable gas-air mixture<\/strong> is formed from as little as <strong>4.4% methane by volume<\/strong> in the air (lower explosion limit). The <strong>upper explosion limit<\/strong> is around <strong>17% by volume<\/strong>.   <\/p>\n\n\n\n<div class=\"wp-block-bl-block-spacer\"><div class=\"is-style-small\"><\/div><\/div>\n\n\n\n<p>Particularly critical is the use in <strong>closed or poorly ventilated areas<\/strong> such as:<\/p>\n\n\n\n<ul class=\"wp-block-list\">\n<li>Technical rooms<\/li>\n\n\n\n<li>Cellars<\/li>\n\n\n\n<li>Pipe shafts<\/li>\n\n\n\n<li>Compressor stations<\/li>\n<\/ul>\n\n\n\n<p><\/p>\n\n\n\n<p>Natural gas can accumulate here unnoticed &#8211; with an acute risk of explosion.<\/p>\n\n\n\n<div class=\"wp-block-bl-block-spacer\"><div class=\"is-style-small\"><\/div><\/div>\n\n\n\n<h5 class=\"wp-block-heading\" id=\"h-gas-detectors-for-natural-gas-reliable-protection-through-early-detection\">Gas detectors for natural gas &#8211; Reliable protection through early detection<\/h5>\n\n\n\n<div class=\"wp-block-bl-block-spacer\"><div class=\"is-style-small\"><\/div><\/div>\n\n\n\n<p>Our <strong>gas detectors for natural gas and methane<\/strong> have been specially developed for the <strong>precise detection of the smallest gas concentrations<\/strong>. They reliably warn of <strong>critical methane levels<\/strong> &#8211; even before a dangerous threshold value is reached. <\/p>\n\n\n\n<div class=\"wp-block-bl-block-spacer\"><div class=\"is-style-small\"><\/div><\/div>\n\n\n\n<p><strong>Areas of application:<\/strong><\/p>\n\n\n\n<ul class=\"wp-block-list\">\n<li><strong>Residential buildings and apartment buildings<\/strong><\/li>\n\n\n\n<li><strong>Energy suppliers and district heating systems<\/strong><\/li>\n\n\n\n<li><strong>Industrial plants and storage facilities<\/strong><\/li>\n\n\n\n<li><strong>Potentially explosive zones (ATEX areas)<\/strong><\/li>\n<\/ul>\n\n\n\n<div class=\"wp-block-bl-block-spacer\"><div class=\"is-style-small\"><\/div><\/div>\n\n\n\n<p><strong>Your benefits with our natural gas warning systems:<\/strong><\/p>\n\n\n\n<ul class=\"wp-block-list\">\n<li><strong>Early warning<\/strong> of explosive methane concentrations<\/li>\n\n\n\n<li> <strong>Reliable detection<\/strong> in ATEX zones and sensitive areas<\/li>\n\n\n\n<li> <strong>Monitoring of critical infrastructure<\/strong>: pipelines, technical centers, shafts<\/li>\n\n\n\n<li><strong>Seamless integration<\/strong> into existing plant, building or fire protection systems<\/li>\n<\/ul>\n\n\n\n<div class=\"wp-block-bl-block-spacer\"><div class=\"is-style-small\"><\/div><\/div>\n\n\n\n<p><strong>Conclusion: Use natural gas safely &#8211; with intelligent gas monitoring<\/strong><\/p>\n\n\n\n<div class=\"wp-block-bl-block-spacer\"><div class=\"is-style-small\"><\/div><\/div>\n\n\n\n<p><strong>Natural gas<\/strong> is a <strong>powerful energy source<\/strong>, but it <strong>can<\/strong> only <strong>be used safely<\/strong> if it is consistently monitored. Our <strong>gas detectors for natural gas<\/strong> offer reliable protection against <strong>explosions, leaks and failures<\/strong> &#8211; for greater safety in <strong>buildings, industrial plants and supply facilities<\/strong>. <\/p>\n\n\n\n<div class=\"wp-block-bl-block-spacer\"><div class=\"is-style-medium\"><\/div><\/div>\n\n\n\n<p><strong>Rely on tested natural gas detection &#8211; for maximum operational safety and statutory explosion protection.<\/strong><\/p>\n\n\n\n<div class=\"wp-block-bl-block-spacer\"><div class=\"is-style-large\"><\/div><\/div>\n\n\n\n<h5 class=\"wp-block-heading\" id=\"h-the-following-gas-sensors-and-systems-from-bieler-lang-can-detect-natural-gas\">The following gas sensors and systems from Bieler+Lang can detect natural gas<\/h5>\n\n\n\n<p>We will be happy to advise you on the selection of suitable detectors and the corresponding evaluation devices for your individual application.<\/p>\n\n\n\n<p><\/p>\n\n\n\n<div class=\"wp-block-bl-block-spacer\"><div class=\"is-style-large\"><\/div><\/div>\n\n\n<div data-block-name=\"woocommerce\/product-tag\" data-tags=\"[227]\" class=\"wc-block-grid wp-block-product-tag wp-block-woocommerce-product-tag wc-block-product-tag has-3-columns has-multiple-rows\"><ul class=\"wc-block-grid__products\"><li class=\"wc-block-grid__product\">\n\t\t\t\t<a href=\"https:\/\/bieler-lang.de\/en\/product\/gm-ecoline-hc-50\/\" class=\"wc-block-grid__product-link\">\n\t\t\t\t\t\n\t\t\t\t\t<div class=\"wc-block-grid__product-image\"><img loading=\"lazy\" decoding=\"async\" width=\"300\" height=\"300\" src=\"https:\/\/bieler-lang.de\/blcontent\/uploads\/2020\/09\/BL_Ecoline_HC50_01-300x300.jpg\" class=\"attachment-woocommerce_thumbnail size-woocommerce_thumbnail\" alt=\"Bieler+Lang _ecoline HC 50 Gasdetektor f\u00fcr Heizr\u00e4ume\" srcset=\"https:\/\/bieler-lang.de\/blcontent\/uploads\/2020\/09\/BL_Ecoline_HC50_01-300x300.jpg 300w, https:\/\/bieler-lang.de\/blcontent\/uploads\/2020\/09\/BL_Ecoline_HC50_01-100x100.jpg 100w, https:\/\/bieler-lang.de\/blcontent\/uploads\/2020\/09\/BL_Ecoline_HC50_01-150x150.jpg 150w\" sizes=\"auto, (max-width: 300px) 100vw, 300px\" \/><\/div>\n\t\t\t\t\t<div class=\"wc-block-grid__product-title\">GM Ecoline HC 50<\/div>\n\t\t\t\t<\/a>\n\t\t\t\t<div class=\"wc-block-grid__product-price price\"><\/div>\n\t\t\t\t\n\t\t\t\t<div class=\"wp-block-button wc-block-grid__product-add-to-cart\"><a href=\"https:\/\/bieler-lang.de\/en\/product\/gm-ecoline-hc-50\/\" aria-label=\"Read more about &ldquo;GM Ecoline HC 50&rdquo;\" data-quantity=\"1\" data-product_id=\"6884\" data-product_sku=\"\" data-price=\"0\" rel=\"nofollow\" class=\"wp-block-button__link  add_to_cart_button\">Learn more<\/a><\/div>\n\t\t\t<\/li><li class=\"wc-block-grid__product\">\n\t\t\t\t<a href=\"https:\/\/bieler-lang.de\/en\/product\/gmc-ecoline-8304\/\" class=\"wc-block-grid__product-link\">\n\t\t\t\t\t\n\t\t\t\t\t<div class=\"wc-block-grid__product-image\"><img loading=\"lazy\" decoding=\"async\" width=\"300\" height=\"300\" src=\"https:\/\/bieler-lang.de\/blcontent\/uploads\/2020\/09\/BL_GMC-Ecoline_01-300x300.jpg\" class=\"attachment-woocommerce_thumbnail size-woocommerce_thumbnail\" alt=\"B+L_GMC-Ecoline_System_Erdgas_Fl\u00fcssiggas\u00fc+berwachung_mit 4 Messf\u00fchlern.\" srcset=\"https:\/\/bieler-lang.de\/blcontent\/uploads\/2020\/09\/BL_GMC-Ecoline_01-300x300.jpg 300w, https:\/\/bieler-lang.de\/blcontent\/uploads\/2020\/09\/BL_GMC-Ecoline_01-100x100.jpg 100w, https:\/\/bieler-lang.de\/blcontent\/uploads\/2020\/09\/BL_GMC-Ecoline_01-150x150.jpg 150w\" sizes=\"auto, (max-width: 300px) 100vw, 300px\" \/><\/div>\n\t\t\t\t\t<div class=\"wc-block-grid__product-title\">GMC Ecoline 8304<\/div>\n\t\t\t\t<\/a>\n\t\t\t\t<div class=\"wc-block-grid__product-price price\"><\/div>\n\t\t\t\t\n\t\t\t\t<div class=\"wp-block-button wc-block-grid__product-add-to-cart\"><a href=\"https:\/\/bieler-lang.de\/en\/product\/gmc-ecoline-8304\/\" aria-label=\"Read more about &ldquo;GMC Ecoline 8304&rdquo;\" data-quantity=\"1\" data-product_id=\"6840\" data-product_sku=\"\" data-price=\"0\" rel=\"nofollow\" class=\"wp-block-button__link  add_to_cart_button\">Learn more<\/a><\/div>\n\t\t\t<\/li><\/ul><\/div>\n\n\n<p><\/p>\n","protected":false},"excerpt":{"rendered":"<p>Natural Gas (mixture, mainly CH4) Safety More safety with gas detectors Natural gas is one of the most important sources of energy worldwide &#8211; it is low-emission, energy-efficient and can be used flexibly in many areas. Whether in households, industrial plants, power stations or transportation, natural gas offers numerous advantages. At the same time, however, [&hellip;]<\/p>\n","protected":false},"author":1,"featured_media":0,"parent":6267,"menu_order":216,"comment_status":"closed","ping_status":"closed","template":"","meta":{"inline_featured_image":false,"footnotes":""},"class_list":["post-6262","page","type-page","status-publish","hentry"],"yoast_head":"<!-- This site is optimized with the Yoast SEO Premium plugin v27.4 (Yoast SEO v27.4) - https:\/\/yoast.com\/product\/yoast-seo-premium-wordpress\/ -->\n<title>Natural Gas Safety | Detection &amp; Monitoring<\/title>\n<meta name=\"description\" content=\"Natural gas safety information with methane detection methods. Learn about leak prevention and monitoring solutions. Learn more.\" \/>\n<meta name=\"robots\" content=\"index, follow, max-snippet:-1, max-image-preview:large, max-video-preview:-1\" \/>\n<link rel=\"canonical\" href=\"https:\/\/bieler-lang.de\/en\/gases\/explosive-flammable-gases\/natural-gas\/\" \/>\n<meta property=\"og:locale\" content=\"en_US\" \/>\n<meta property=\"og:type\" content=\"article\" \/>\n<meta property=\"og:title\" content=\"Natural gas (mixture, mainly CH\u2084)\" \/>\n<meta property=\"og:description\" content=\"Natural gas safety information with methane detection methods. Learn about leak prevention and monitoring solutions. Learn more.\" \/>\n<meta property=\"og:url\" content=\"https:\/\/bieler-lang.de\/en\/gases\/explosive-flammable-gases\/natural-gas\/\" \/>\n<meta property=\"og:site_name\" content=\"Bieler+Lang\" \/>\n<meta property=\"article:publisher\" content=\"https:\/\/www.facebook.com\/profile.php?id=61560570132188\" \/>\n<meta property=\"article:modified_time\" content=\"2026-04-27T15:28:17+00:00\" \/>\n<meta property=\"og:image\" content=\"https:\/\/bieler-lang.de\/blcontent\/uploads\/2025\/08\/Bieler-Lang_Gas2__1920x800_AI_.jpg\" \/>\n\t<meta property=\"og:image:width\" content=\"1920\" \/>\n\t<meta property=\"og:image:height\" content=\"800\" \/>\n\t<meta property=\"og:image:type\" content=\"image\/jpeg\" \/>\n<meta name=\"twitter:card\" content=\"summary_large_image\" \/>\n<meta name=\"twitter:label1\" content=\"Est. reading time\" \/>\n\t<meta name=\"twitter:data1\" content=\"2 minutes\" \/>\n<script type=\"application\/ld+json\" class=\"yoast-schema-graph\">{\"@context\":\"https:\\\/\\\/schema.org\",\"@graph\":[{\"@type\":\"WebPage\",\"@id\":\"https:\\\/\\\/bieler-lang.de\\\/en\\\/gases\\\/explosive-flammable-gases\\\/natural-gas\\\/\",\"url\":\"https:\\\/\\\/bieler-lang.de\\\/en\\\/gases\\\/explosive-flammable-gases\\\/natural-gas\\\/\",\"name\":\"Natural Gas Safety | Detection & Monitoring\",\"isPartOf\":{\"@id\":\"https:\\\/\\\/bieler-lang.de\\\/#website\"},\"primaryImageOfPage\":{\"@id\":\"https:\\\/\\\/bieler-lang.de\\\/en\\\/gases\\\/explosive-flammable-gases\\\/natural-gas\\\/#primaryimage\"},\"image\":{\"@id\":\"https:\\\/\\\/bieler-lang.de\\\/en\\\/gases\\\/explosive-flammable-gases\\\/natural-gas\\\/#primaryimage\"},\"thumbnailUrl\":\"https:\\\/\\\/bieler-lang.de\\\/blcontent\\\/uploads\\\/2025\\\/08\\\/Bieler-Lang_Gas2__1920x800_AI_.jpg\",\"datePublished\":\"2024-11-28T10:27:15+00:00\",\"dateModified\":\"2026-04-27T15:28:17+00:00\",\"description\":\"Natural gas safety information with methane detection methods. Learn about leak prevention and monitoring solutions. Learn more.\",\"breadcrumb\":{\"@id\":\"https:\\\/\\\/bieler-lang.de\\\/en\\\/gases\\\/explosive-flammable-gases\\\/natural-gas\\\/#breadcrumb\"},\"inLanguage\":\"en-US\",\"potentialAction\":[{\"@type\":\"ReadAction\",\"target\":[\"https:\\\/\\\/bieler-lang.de\\\/en\\\/gases\\\/explosive-flammable-gases\\\/natural-gas\\\/\"]}]},{\"@type\":\"ImageObject\",\"inLanguage\":\"en-US\",\"@id\":\"https:\\\/\\\/bieler-lang.de\\\/en\\\/gases\\\/explosive-flammable-gases\\\/natural-gas\\\/#primaryimage\",\"url\":\"https:\\\/\\\/bieler-lang.de\\\/blcontent\\\/uploads\\\/2025\\\/08\\\/Bieler-Lang_Gas2__1920x800_AI_.jpg\",\"contentUrl\":\"https:\\\/\\\/bieler-lang.de\\\/blcontent\\\/uploads\\\/2025\\\/08\\\/Bieler-Lang_Gas2__1920x800_AI_.jpg\"},{\"@type\":\"BreadcrumbList\",\"@id\":\"https:\\\/\\\/bieler-lang.de\\\/en\\\/gases\\\/explosive-flammable-gases\\\/natural-gas\\\/#breadcrumb\",\"itemListElement\":[{\"@type\":\"ListItem\",\"position\":1,\"name\":\"Home\",\"item\":\"https:\\\/\\\/bieler-lang.de\\\/en\\\/\"},{\"@type\":\"ListItem\",\"position\":2,\"name\":\"Gases\",\"item\":\"https:\\\/\\\/bieler-lang.de\\\/en\\\/gases\\\/\"},{\"@type\":\"ListItem\",\"position\":3,\"name\":\"Explosive &amp; flammable gases\",\"item\":\"https:\\\/\\\/bieler-lang.de\\\/en\\\/gases\\\/explosive-flammable-gases\\\/\"},{\"@type\":\"ListItem\",\"position\":4,\"name\":\"Natural gas (mixture, mainly CH\u2084)\"}]},{\"@type\":\"WebSite\",\"@id\":\"https:\\\/\\\/bieler-lang.de\\\/#website\",\"url\":\"https:\\\/\\\/bieler-lang.de\\\/\",\"name\":\"Bieler+Lang\",\"description\":\"Eine weitere WordPress-Website\",\"potentialAction\":[{\"@type\":\"SearchAction\",\"target\":{\"@type\":\"EntryPoint\",\"urlTemplate\":\"https:\\\/\\\/bieler-lang.de\\\/?s={search_term_string}\"},\"query-input\":{\"@type\":\"PropertyValueSpecification\",\"valueRequired\":true,\"valueName\":\"search_term_string\"}}],\"inLanguage\":\"en-US\"}]}<\/script>\n<!-- \/ Yoast SEO Premium plugin. -->","yoast_head_json":{"title":"Natural Gas Safety | Detection & Monitoring","description":"Natural gas safety information with methane detection methods. Learn about leak prevention and monitoring solutions. Learn more.","robots":{"index":"index","follow":"follow","max-snippet":"max-snippet:-1","max-image-preview":"max-image-preview:large","max-video-preview":"max-video-preview:-1"},"canonical":"https:\/\/bieler-lang.de\/en\/gases\/explosive-flammable-gases\/natural-gas\/","og_locale":"en_US","og_type":"article","og_title":"Natural gas (mixture, mainly CH\u2084)","og_description":"Natural gas safety information with methane detection methods. Learn about leak prevention and monitoring solutions. Learn more.","og_url":"https:\/\/bieler-lang.de\/en\/gases\/explosive-flammable-gases\/natural-gas\/","og_site_name":"Bieler+Lang","article_publisher":"https:\/\/www.facebook.com\/profile.php?id=61560570132188","article_modified_time":"2026-04-27T15:28:17+00:00","og_image":[{"width":1920,"height":800,"url":"https:\/\/bieler-lang.de\/blcontent\/uploads\/2025\/08\/Bieler-Lang_Gas2__1920x800_AI_.jpg","type":"image\/jpeg"}],"twitter_card":"summary_large_image","twitter_misc":{"Est. reading time":"2 minutes"},"schema":{"@context":"https:\/\/schema.org","@graph":[{"@type":"WebPage","@id":"https:\/\/bieler-lang.de\/en\/gases\/explosive-flammable-gases\/natural-gas\/","url":"https:\/\/bieler-lang.de\/en\/gases\/explosive-flammable-gases\/natural-gas\/","name":"Natural Gas Safety | Detection & Monitoring","isPartOf":{"@id":"https:\/\/bieler-lang.de\/#website"},"primaryImageOfPage":{"@id":"https:\/\/bieler-lang.de\/en\/gases\/explosive-flammable-gases\/natural-gas\/#primaryimage"},"image":{"@id":"https:\/\/bieler-lang.de\/en\/gases\/explosive-flammable-gases\/natural-gas\/#primaryimage"},"thumbnailUrl":"https:\/\/bieler-lang.de\/blcontent\/uploads\/2025\/08\/Bieler-Lang_Gas2__1920x800_AI_.jpg","datePublished":"2024-11-28T10:27:15+00:00","dateModified":"2026-04-27T15:28:17+00:00","description":"Natural gas safety information with methane detection methods. Learn about leak prevention and monitoring solutions. Learn more.","breadcrumb":{"@id":"https:\/\/bieler-lang.de\/en\/gases\/explosive-flammable-gases\/natural-gas\/#breadcrumb"},"inLanguage":"en-US","potentialAction":[{"@type":"ReadAction","target":["https:\/\/bieler-lang.de\/en\/gases\/explosive-flammable-gases\/natural-gas\/"]}]},{"@type":"ImageObject","inLanguage":"en-US","@id":"https:\/\/bieler-lang.de\/en\/gases\/explosive-flammable-gases\/natural-gas\/#primaryimage","url":"https:\/\/bieler-lang.de\/blcontent\/uploads\/2025\/08\/Bieler-Lang_Gas2__1920x800_AI_.jpg","contentUrl":"https:\/\/bieler-lang.de\/blcontent\/uploads\/2025\/08\/Bieler-Lang_Gas2__1920x800_AI_.jpg"},{"@type":"BreadcrumbList","@id":"https:\/\/bieler-lang.de\/en\/gases\/explosive-flammable-gases\/natural-gas\/#breadcrumb","itemListElement":[{"@type":"ListItem","position":1,"name":"Home","item":"https:\/\/bieler-lang.de\/en\/"},{"@type":"ListItem","position":2,"name":"Gases","item":"https:\/\/bieler-lang.de\/en\/gases\/"},{"@type":"ListItem","position":3,"name":"Explosive &amp; flammable gases","item":"https:\/\/bieler-lang.de\/en\/gases\/explosive-flammable-gases\/"},{"@type":"ListItem","position":4,"name":"Natural gas (mixture, mainly CH\u2084)"}]},{"@type":"WebSite","@id":"https:\/\/bieler-lang.de\/#website","url":"https:\/\/bieler-lang.de\/","name":"Bieler+Lang","description":"Eine weitere WordPress-Website","potentialAction":[{"@type":"SearchAction","target":{"@type":"EntryPoint","urlTemplate":"https:\/\/bieler-lang.de\/?s={search_term_string}"},"query-input":{"@type":"PropertyValueSpecification","valueRequired":true,"valueName":"search_term_string"}}],"inLanguage":"en-US"}]}},"_links":{"self":[{"href":"https:\/\/bieler-lang.de\/en\/wp-json\/wp\/v2\/pages\/6262","targetHints":{"allow":["GET"]}}],"collection":[{"href":"https:\/\/bieler-lang.de\/en\/wp-json\/wp\/v2\/pages"}],"about":[{"href":"https:\/\/bieler-lang.de\/en\/wp-json\/wp\/v2\/types\/page"}],"author":[{"embeddable":true,"href":"https:\/\/bieler-lang.de\/en\/wp-json\/wp\/v2\/users\/1"}],"replies":[{"embeddable":true,"href":"https:\/\/bieler-lang.de\/en\/wp-json\/wp\/v2\/comments?post=6262"}],"version-history":[{"count":10,"href":"https:\/\/bieler-lang.de\/en\/wp-json\/wp\/v2\/pages\/6262\/revisions"}],"predecessor-version":[{"id":11252,"href":"https:\/\/bieler-lang.de\/en\/wp-json\/wp\/v2\/pages\/6262\/revisions\/11252"}],"up":[{"embeddable":true,"href":"https:\/\/bieler-lang.de\/en\/wp-json\/wp\/v2\/pages\/6267"}],"wp:attachment":[{"href":"https:\/\/bieler-lang.de\/en\/wp-json\/wp\/v2\/media?parent=6262"}],"curies":[{"name":"wp","href":"https:\/\/api.w.org\/{rel}","templated":true}]}}