{"id":6264,"date":"2024-11-28T11:25:07","date_gmt":"2024-11-28T10:25:07","guid":{"rendered":"https:\/\/bieler-lang.de\/butan_c4h10\/"},"modified":"2026-04-27T17:20:37","modified_gmt":"2026-04-27T15:20:37","slug":"butan_c4h10","status":"publish","type":"page","link":"https:\/\/bieler-lang.de\/en\/gases\/explosive-flammable-gases\/butan_c4h10\/","title":{"rendered":"Butane (C\u2084H\u2081\u2080)"},"content":{"rendered":"\n<div class=\"wp-block-cover is-light is-style-abgeschnitten\" style=\"min-height:360px;aspect-ratio:unset;\"><img loading=\"lazy\" decoding=\"async\" width=\"1920\" height=\"800\" class=\"wp-block-cover__image-background wp-image-8868 size-full\" alt=\"Bieler+Lang : Gas\u00fcbersicht\" src=\"https:\/\/bieler-lang.de\/blcontent\/uploads\/2025\/08\/Bieler-Lang_Gas2__1920x800_AI_.jpg\" data-object-fit=\"cover\" srcset=\"https:\/\/bieler-lang.de\/blcontent\/uploads\/2025\/08\/Bieler-Lang_Gas2__1920x800_AI_.jpg 1920w, https:\/\/bieler-lang.de\/blcontent\/uploads\/2025\/08\/Bieler-Lang_Gas2__1920x800_AI_-300x125.jpg 300w, https:\/\/bieler-lang.de\/blcontent\/uploads\/2025\/08\/Bieler-Lang_Gas2__1920x800_AI_-1024x427.jpg 1024w, https:\/\/bieler-lang.de\/blcontent\/uploads\/2025\/08\/Bieler-Lang_Gas2__1920x800_AI_-768x320.jpg 768w, https:\/\/bieler-lang.de\/blcontent\/uploads\/2025\/08\/Bieler-Lang_Gas2__1920x800_AI_-1536x640.jpg 1536w, https:\/\/bieler-lang.de\/blcontent\/uploads\/2025\/08\/Bieler-Lang_Gas2__1920x800_AI_-24x10.jpg 24w, https:\/\/bieler-lang.de\/blcontent\/uploads\/2025\/08\/Bieler-Lang_Gas2__1920x800_AI_-36x15.jpg 36w, https:\/\/bieler-lang.de\/blcontent\/uploads\/2025\/08\/Bieler-Lang_Gas2__1920x800_AI_-48x20.jpg 48w, https:\/\/bieler-lang.de\/blcontent\/uploads\/2025\/08\/Bieler-Lang_Gas2__1920x800_AI_-600x250.jpg 600w\" sizes=\"auto, (max-width: 1920px) 100vw, 1920px\" \/><span aria-hidden=\"true\" class=\"wp-block-cover__background has-background-dim-0 has-background-dim\" style=\"background-color:#a5bbc7\"><\/span><div class=\"wp-block-cover__inner-container is-layout-constrained wp-block-cover-is-layout-constrained\">\n<p class=\"has-text-align-center has-large-font-size\"><\/p>\n<\/div><\/div>\n\n\n\n<div class=\"wp-block-bl-block-spacer\"><div class=\"is-style-small\"><\/div><\/div>\n\n\n\n<h1 class=\"wp-block-heading\" id=\"h-butane-c\u2084h\u2081\u2080-safety\">Butane (C\u2084H\u2081\u2080) Safety<\/h1>\n\n\n\n<h2 class=\"wp-block-heading\" id=\"h-how-gas-detectors-reliably-protect-against-explosion-and-fire\">How gas detectors reliably protect against explosion and fire<\/h2>\n\n\n\n<div class=\"wp-block-bl-block-spacer\"><div class=\"is-style-small\"><\/div><\/div>\n\n\n\n<p><strong>Butane (C\u2084H\u2081\u2080)<\/strong> is a colorless, easily liquefiable gas that is used worldwide as an <strong>energy source<\/strong> &#8211; whether in households, industry, camping or as a component of <strong>liquefied petroleum gas (LPG)<\/strong>. Despite its versatility, butane poses considerable risks: it is <strong>highly flammable<\/strong> and can create an <strong>explosive atmosphere<\/strong> even if only a small amount escapes. <\/p>\n\n\n\n<div class=\"wp-block-bl-block-spacer\"><div class=\"is-style-small\"><\/div><\/div>\n\n\n\n<h5 class=\"wp-block-heading\" id=\"h-explosion-hazard-from-butane-often-underestimated\">Explosion hazard from butane &#8211; often underestimated<\/h5>\n\n\n\n<p><\/p>\n\n\n\n<p>Even the smallest leaks are enough to create dangerous situations. Butane has a <strong>lower explosion limit (LEL)<\/strong> of around <strong>1.5% by volume<\/strong> and an <strong>upper explosion limit (UEL)<\/strong> of around <strong>10% by volume<\/strong>. Particularly critical: <strong>butane is heavier than air<\/strong> and accumulates unnoticed near the ground &#8211; for example in shafts, cellars or pits. This invisible danger can lead to <strong>fires or explosions<\/strong> in an emergency.   <\/p>\n\n\n\n<div class=\"wp-block-bl-block-spacer\"><div class=\"is-style-small\"><\/div><\/div>\n\n\n\n<h5 class=\"wp-block-heading\" id=\"h-safety-through-technology-gas-detectors-for-butane-in-use\">Safety through technology: gas detectors for butane in use<\/h5>\n\n\n\n<p><\/p>\n\n\n\n<p>As <strong>butane<\/strong> is naturally <strong>odorless<\/strong>, fragrances are added to it, but relying on the sense of smell alone is risky. <strong>Modern gas detectors for butane<\/strong> reliably detect even the smallest concentrations &#8211; even in places where people can no longer detect anything.<\/p>\n\n\n\n<div class=\"wp-block-bl-block-spacer\"><div class=\"is-style-small\"><\/div><\/div>\n\n\n\n<h5 class=\"wp-block-heading\" id=\"h-our-butane-gas-detectors-precise-detection-maximum-safety\">Our butane gas detectors: Precise detection, maximum safety<\/h5>\n\n\n\n<p><\/p>\n\n\n\n<p>Our <strong>gas monitoring<\/strong> systems for butane detect <strong>flammable gases<\/strong> at an early stage and trigger an alarm even before the <strong>explosion limits<\/strong> are reached. Whether stationary in industrial plants or mobile on construction sites &#8211; our devices work reliably, are <strong>ATEX-certified<\/strong> and can be flexibly integrated into existing safety systems. <\/p>\n\n\n\n<p><\/p>\n\n\n\n<p><strong>Your benefits with our gas detection solutions for butane:<\/strong><\/p>\n\n\n\n<ul class=\"wp-block-list\">\n<li><strong>Early detection of<\/strong> butane gas <strong>leaks<\/strong> <\/li>\n\n\n\n<li><strong>Fast and reliable alerting<\/strong> in the event of hazardous gas concentrations<\/li>\n\n\n\n<li><strong>Safe operation in ATEX zones<\/strong> and potentially explosive atmospheres<\/li>\n\n\n\n<li><strong>Protection of people, the environment and equipment<\/strong><\/li>\n\n\n\n<li><strong>Easy integration<\/strong> into existing systems and processes<\/li>\n\n\n\n<li>Suitable for <strong>industrial plants, filling stations, storage rooms, heating plants<\/strong> and more<\/li>\n<\/ul>\n\n\n\n<div class=\"wp-block-bl-block-spacer\"><div class=\"is-style-medium\"><\/div><\/div>\n\n\n\n<p><strong>Conclusion: Butane &#8211; safe use with gas detectors<\/strong><\/p>\n\n\n\n<p><\/p>\n\n\n\n<p><strong>Butane<\/strong> is an efficient energy source &#8211; <strong>but only when handled in a controlled manner<\/strong>. Our <strong>gas detectors for butane<\/strong> offer you reliable protection against <strong>explosions, fires and hazards caused by flammable gases<\/strong>. Whether in industry or in day-to-day operations: with our solutions, you can rely on maximum safety.  <\/p>\n\n\n\n<p><strong>Detect butane before it becomes dangerous &#8211; with precise gas detection technology for maximum safety.<\/strong><\/p>\n\n\n\n<div class=\"wp-block-bl-block-spacer\"><div class=\"is-style-large\"><\/div><\/div>\n\n\n\n<h5 class=\"wp-block-heading\" id=\"h-the-following-gas-sensors-and-systems-from-bieler-lang-can-detect-butane\">The following gas sensors and systems from Bieler+Lang can detect butane<\/h5>\n\n\n\n<p>We will be happy to advise you on the selection of suitable detectors and the corresponding evaluation devices for your individual application.<\/p>\n\n\n\n<div class=\"wp-block-bl-block-spacer\"><div class=\"is-style-large\"><\/div><\/div>\n\n\n<div data-block-name=\"woocommerce\/product-tag\" data-tags=\"[230]\" class=\"wc-block-grid wp-block-product-tag wp-block-woocommerce-product-tag wc-block-product-tag has-3-columns has-multiple-rows\"><ul class=\"wc-block-grid__products\"><li class=\"wc-block-grid__product\">\n\t\t\t\t<a href=\"https:\/\/bieler-lang.de\/en\/product\/exdetector-hc-100-hc-100-k\/\" class=\"wc-block-grid__product-link\">\n\t\t\t\t\t\n\t\t\t\t\t<div class=\"wc-block-grid__product-image\"><img loading=\"lazy\" decoding=\"async\" width=\"300\" height=\"300\" src=\"https:\/\/bieler-lang.de\/blcontent\/uploads\/2020\/09\/BL_GasDetector-HC100_01ex-1-300x300.jpg\" class=\"attachment-woocommerce_thumbnail size-woocommerce_thumbnail\" alt=\"Bieler+Lang_ExDetector_HC100K+HC100K_gasdetector_for explosive gases_ex-zone_1_SIL_1_ATEX_duct mounting\" srcset=\"https:\/\/bieler-lang.de\/blcontent\/uploads\/2020\/09\/BL_GasDetector-HC100_01ex-1-300x300.jpg 300w, https:\/\/bieler-lang.de\/blcontent\/uploads\/2020\/09\/BL_GasDetector-HC100_01ex-1-100x100.jpg 100w, https:\/\/bieler-lang.de\/blcontent\/uploads\/2020\/09\/BL_GasDetector-HC100_01ex-1-150x150.jpg 150w\" sizes=\"auto, (max-width: 300px) 100vw, 300px\" \/><\/div>\n\t\t\t\t\t<div class=\"wc-block-grid__product-title\">ExDetector HC 100 \/ HC 100 K<\/div>\n\t\t\t\t<\/a>\n\t\t\t\t<div class=\"wc-block-grid__product-price price\"><\/div>\n\t\t\t\t\n\t\t\t\t<div class=\"wp-block-button wc-block-grid__product-add-to-cart\"><a href=\"https:\/\/bieler-lang.de\/en\/product\/exdetector-hc-100-hc-100-k\/\" aria-label=\"Read more about &ldquo;ExDetector HC 100 \/ HC 100 K&rdquo;\" data-quantity=\"1\" data-product_id=\"7137\" data-product_sku=\"\" data-price=\"0\" rel=\"nofollow\" class=\"wp-block-button__link  add_to_cart_button\">Learn more<\/a><\/div>\n\t\t\t<\/li><li class=\"wc-block-grid__product\">\n\t\t\t\t<a href=\"https:\/\/bieler-lang.de\/en\/product\/gm-ecoline-hc-50\/\" class=\"wc-block-grid__product-link\">\n\t\t\t\t\t\n\t\t\t\t\t<div class=\"wc-block-grid__product-image\"><img loading=\"lazy\" decoding=\"async\" width=\"300\" height=\"300\" src=\"https:\/\/bieler-lang.de\/blcontent\/uploads\/2020\/09\/BL_Ecoline_HC50_01-300x300.jpg\" class=\"attachment-woocommerce_thumbnail size-woocommerce_thumbnail\" alt=\"Bieler+Lang _ecoline HC 50 Gasdetektor f\u00fcr Heizr\u00e4ume\" srcset=\"https:\/\/bieler-lang.de\/blcontent\/uploads\/2020\/09\/BL_Ecoline_HC50_01-300x300.jpg 300w, https:\/\/bieler-lang.de\/blcontent\/uploads\/2020\/09\/BL_Ecoline_HC50_01-100x100.jpg 100w, https:\/\/bieler-lang.de\/blcontent\/uploads\/2020\/09\/BL_Ecoline_HC50_01-150x150.jpg 150w\" sizes=\"auto, (max-width: 300px) 100vw, 300px\" \/><\/div>\n\t\t\t\t\t<div class=\"wc-block-grid__product-title\">GM Ecoline HC 50<\/div>\n\t\t\t\t<\/a>\n\t\t\t\t<div class=\"wc-block-grid__product-price price\"><\/div>\n\t\t\t\t\n\t\t\t\t<div class=\"wp-block-button wc-block-grid__product-add-to-cart\"><a href=\"https:\/\/bieler-lang.de\/en\/product\/gm-ecoline-hc-50\/\" aria-label=\"Read more about &ldquo;GM Ecoline HC 50&rdquo;\" data-quantity=\"1\" data-product_id=\"6884\" data-product_sku=\"\" data-price=\"0\" rel=\"nofollow\" class=\"wp-block-button__link  add_to_cart_button\">Learn more<\/a><\/div>\n\t\t\t<\/li><li class=\"wc-block-grid__product\">\n\t\t\t\t<a href=\"https:\/\/bieler-lang.de\/en\/product\/gmc-ecoline-8304\/\" class=\"wc-block-grid__product-link\">\n\t\t\t\t\t\n\t\t\t\t\t<div class=\"wc-block-grid__product-image\"><img loading=\"lazy\" decoding=\"async\" width=\"300\" height=\"300\" src=\"https:\/\/bieler-lang.de\/blcontent\/uploads\/2020\/09\/BL_GMC-Ecoline_01-300x300.jpg\" class=\"attachment-woocommerce_thumbnail size-woocommerce_thumbnail\" alt=\"B+L_GMC-Ecoline_System_Erdgas_Fl\u00fcssiggas\u00fc+berwachung_mit 4 Messf\u00fchlern.\" srcset=\"https:\/\/bieler-lang.de\/blcontent\/uploads\/2020\/09\/BL_GMC-Ecoline_01-300x300.jpg 300w, https:\/\/bieler-lang.de\/blcontent\/uploads\/2020\/09\/BL_GMC-Ecoline_01-100x100.jpg 100w, https:\/\/bieler-lang.de\/blcontent\/uploads\/2020\/09\/BL_GMC-Ecoline_01-150x150.jpg 150w\" sizes=\"auto, (max-width: 300px) 100vw, 300px\" \/><\/div>\n\t\t\t\t\t<div class=\"wc-block-grid__product-title\">GMC Ecoline 8304<\/div>\n\t\t\t\t<\/a>\n\t\t\t\t<div class=\"wc-block-grid__product-price price\"><\/div>\n\t\t\t\t\n\t\t\t\t<div class=\"wp-block-button wc-block-grid__product-add-to-cart\"><a href=\"https:\/\/bieler-lang.de\/en\/product\/gmc-ecoline-8304\/\" aria-label=\"Read more about &ldquo;GMC Ecoline 8304&rdquo;\" data-quantity=\"1\" data-product_id=\"6840\" data-product_sku=\"\" data-price=\"0\" rel=\"nofollow\" class=\"wp-block-button__link  add_to_cart_button\">Learn more<\/a><\/div>\n\t\t\t<\/li><li class=\"wc-block-grid__product\">\n\t\t\t\t<a href=\"https:\/\/bieler-lang.de\/en\/product\/exdetector-hc-200\/\" class=\"wc-block-grid__product-link\">\n\t\t\t\t\t\n\t\t\t\t\t<div class=\"wc-block-grid__product-image\"><img loading=\"lazy\" decoding=\"async\" width=\"300\" height=\"300\" src=\"https:\/\/bieler-lang.de\/blcontent\/uploads\/2020\/09\/BL_GasDetector-HC200_01ex-300x300.jpg\" class=\"attachment-woocommerce_thumbnail size-woocommerce_thumbnail\" alt=\"B+L \" srcset=\"https:\/\/bieler-lang.de\/blcontent\/uploads\/2020\/09\/BL_GasDetector-HC200_01ex-300x300.jpg 300w, https:\/\/bieler-lang.de\/blcontent\/uploads\/2020\/09\/BL_GasDetector-HC200_01ex-100x100.jpg 100w, https:\/\/bieler-lang.de\/blcontent\/uploads\/2020\/09\/BL_GasDetector-HC200_01ex-150x150.jpg 150w\" sizes=\"auto, (max-width: 300px) 100vw, 300px\" \/><\/div>\n\t\t\t\t\t<div class=\"wc-block-grid__product-title\">ExDetector HC 200<\/div>\n\t\t\t\t<\/a>\n\t\t\t\t<div class=\"wc-block-grid__product-price price\"><\/div>\n\t\t\t\t\n\t\t\t\t<div class=\"wp-block-button wc-block-grid__product-add-to-cart\"><a href=\"https:\/\/bieler-lang.de\/en\/product\/exdetector-hc-200\/\" aria-label=\"Read more about &ldquo;ExDetector HC 200&rdquo;\" data-quantity=\"1\" data-product_id=\"6803\" data-product_sku=\"\" data-price=\"0\" rel=\"nofollow\" class=\"wp-block-button__link  add_to_cart_button\">Learn more<\/a><\/div>\n\t\t\t<\/li><li class=\"wc-block-grid__product\">\n\t\t\t\t<a href=\"https:\/\/bieler-lang.de\/en\/product\/exdetector-hc-150-hc-150-k\/\" class=\"wc-block-grid__product-link\">\n\t\t\t\t\t\n\t\t\t\t\t<div class=\"wc-block-grid__product-image\"><img loading=\"lazy\" decoding=\"async\" width=\"300\" height=\"300\" src=\"https:\/\/bieler-lang.de\/blcontent\/uploads\/2020\/09\/BL_GasDetector-HC150_01ex-300x300.jpg\" class=\"attachment-woocommerce_thumbnail size-woocommerce_thumbnail\" alt=\"ExDetector HC 150 \/ HC 150 K\" srcset=\"https:\/\/bieler-lang.de\/blcontent\/uploads\/2020\/09\/BL_GasDetector-HC150_01ex-300x300.jpg 300w, https:\/\/bieler-lang.de\/blcontent\/uploads\/2020\/09\/BL_GasDetector-HC150_01ex-100x100.jpg 100w, https:\/\/bieler-lang.de\/blcontent\/uploads\/2020\/09\/BL_GasDetector-HC150_01ex-150x150.jpg 150w\" sizes=\"auto, (max-width: 300px) 100vw, 300px\" \/><\/div>\n\t\t\t\t\t<div class=\"wc-block-grid__product-title\">ExDetector HC 150 \/ HC 150 K<\/div>\n\t\t\t\t<\/a>\n\t\t\t\t<div class=\"wc-block-grid__product-price price\"><\/div>\n\t\t\t\t\n\t\t\t\t<div class=\"wp-block-button wc-block-grid__product-add-to-cart\"><a href=\"https:\/\/bieler-lang.de\/en\/product\/exdetector-hc-150-hc-150-k\/\" aria-label=\"Read more about &ldquo;ExDetector HC 150 \/ HC 150 K&rdquo;\" data-quantity=\"1\" data-product_id=\"6162\" data-product_sku=\"\" data-price=\"0\" rel=\"nofollow\" class=\"wp-block-button__link  add_to_cart_button\">Learn more<\/a><\/div>\n\t\t\t<\/li><\/ul><\/div>\n\n\n<p><\/p>\n","protected":false},"excerpt":{"rendered":"<p>Butane (C\u2084H\u2081\u2080) Safety How gas detectors reliably protect against explosion and fire Butane (C\u2084H\u2081\u2080) is a colorless, easily liquefiable gas that is used worldwide as an energy source &#8211; whether in households, industry, camping or as a component of liquefied petroleum gas (LPG). Despite its versatility, butane poses considerable risks: it is highly flammable and [&hellip;]<\/p>\n","protected":false},"author":1,"featured_media":0,"parent":6267,"menu_order":214,"comment_status":"closed","ping_status":"closed","template":"","meta":{"inline_featured_image":false,"footnotes":""},"class_list":["post-6264","page","type-page","status-publish","hentry"],"yoast_head":"<!-- This site is optimized with the Yoast SEO Premium plugin v27.4 (Yoast SEO v27.4) - https:\/\/yoast.com\/product\/yoast-seo-premium-wordpress\/ -->\n<title>Butane Safety | C4H10 Detection &amp; Hazards<\/title>\n<meta name=\"description\" content=\"Butane safety information with C4H10 detection methods. Learn about explosion risks, LEL monitoring, and safe handling practices. Learn more.\" \/>\n<meta name=\"robots\" content=\"index, follow, max-snippet:-1, max-image-preview:large, max-video-preview:-1\" \/>\n<link rel=\"canonical\" href=\"https:\/\/bieler-lang.de\/en\/gases\/explosive-flammable-gases\/butan_c4h10\/\" \/>\n<meta property=\"og:locale\" content=\"en_US\" \/>\n<meta property=\"og:type\" content=\"article\" \/>\n<meta property=\"og:title\" content=\"Butane (C\u2084H\u2081\u2080)\" \/>\n<meta property=\"og:description\" content=\"Butane safety information with C4H10 detection methods. Learn about explosion risks, LEL monitoring, and safe handling practices. Learn more.\" \/>\n<meta property=\"og:url\" content=\"https:\/\/bieler-lang.de\/en\/gases\/explosive-flammable-gases\/butan_c4h10\/\" \/>\n<meta property=\"og:site_name\" content=\"Bieler+Lang\" \/>\n<meta property=\"article:publisher\" content=\"https:\/\/www.facebook.com\/profile.php?id=61560570132188\" \/>\n<meta property=\"article:modified_time\" content=\"2026-04-27T15:20:37+00:00\" \/>\n<meta property=\"og:image\" content=\"https:\/\/bieler-lang.de\/blcontent\/uploads\/2025\/08\/Bieler-Lang_Gas2__1920x800_AI_.jpg\" \/>\n\t<meta property=\"og:image:width\" content=\"1920\" \/>\n\t<meta property=\"og:image:height\" content=\"800\" \/>\n\t<meta property=\"og:image:type\" content=\"image\/jpeg\" \/>\n<meta name=\"twitter:card\" content=\"summary_large_image\" \/>\n<meta name=\"twitter:label1\" content=\"Est. reading time\" \/>\n\t<meta name=\"twitter:data1\" content=\"2 minutes\" \/>\n<script type=\"application\/ld+json\" class=\"yoast-schema-graph\">{\"@context\":\"https:\\\/\\\/schema.org\",\"@graph\":[{\"@type\":\"WebPage\",\"@id\":\"https:\\\/\\\/bieler-lang.de\\\/en\\\/gases\\\/explosive-flammable-gases\\\/butan_c4h10\\\/\",\"url\":\"https:\\\/\\\/bieler-lang.de\\\/en\\\/gases\\\/explosive-flammable-gases\\\/butan_c4h10\\\/\",\"name\":\"Butane Safety | C4H10 Detection & Hazards\",\"isPartOf\":{\"@id\":\"https:\\\/\\\/bieler-lang.de\\\/#website\"},\"primaryImageOfPage\":{\"@id\":\"https:\\\/\\\/bieler-lang.de\\\/en\\\/gases\\\/explosive-flammable-gases\\\/butan_c4h10\\\/#primaryimage\"},\"image\":{\"@id\":\"https:\\\/\\\/bieler-lang.de\\\/en\\\/gases\\\/explosive-flammable-gases\\\/butan_c4h10\\\/#primaryimage\"},\"thumbnailUrl\":\"https:\\\/\\\/bieler-lang.de\\\/blcontent\\\/uploads\\\/2025\\\/08\\\/Bieler-Lang_Gas2__1920x800_AI_.jpg\",\"datePublished\":\"2024-11-28T10:25:07+00:00\",\"dateModified\":\"2026-04-27T15:20:37+00:00\",\"description\":\"Butane safety information with C4H10 detection methods. Learn about explosion risks, LEL monitoring, and safe handling practices. Learn more.\",\"breadcrumb\":{\"@id\":\"https:\\\/\\\/bieler-lang.de\\\/en\\\/gases\\\/explosive-flammable-gases\\\/butan_c4h10\\\/#breadcrumb\"},\"inLanguage\":\"en-US\",\"potentialAction\":[{\"@type\":\"ReadAction\",\"target\":[\"https:\\\/\\\/bieler-lang.de\\\/en\\\/gases\\\/explosive-flammable-gases\\\/butan_c4h10\\\/\"]}]},{\"@type\":\"ImageObject\",\"inLanguage\":\"en-US\",\"@id\":\"https:\\\/\\\/bieler-lang.de\\\/en\\\/gases\\\/explosive-flammable-gases\\\/butan_c4h10\\\/#primaryimage\",\"url\":\"https:\\\/\\\/bieler-lang.de\\\/blcontent\\\/uploads\\\/2025\\\/08\\\/Bieler-Lang_Gas2__1920x800_AI_.jpg\",\"contentUrl\":\"https:\\\/\\\/bieler-lang.de\\\/blcontent\\\/uploads\\\/2025\\\/08\\\/Bieler-Lang_Gas2__1920x800_AI_.jpg\"},{\"@type\":\"BreadcrumbList\",\"@id\":\"https:\\\/\\\/bieler-lang.de\\\/en\\\/gases\\\/explosive-flammable-gases\\\/butan_c4h10\\\/#breadcrumb\",\"itemListElement\":[{\"@type\":\"ListItem\",\"position\":1,\"name\":\"Home\",\"item\":\"https:\\\/\\\/bieler-lang.de\\\/en\\\/\"},{\"@type\":\"ListItem\",\"position\":2,\"name\":\"Gases\",\"item\":\"https:\\\/\\\/bieler-lang.de\\\/en\\\/gases\\\/\"},{\"@type\":\"ListItem\",\"position\":3,\"name\":\"Explosive &amp; flammable gases\",\"item\":\"https:\\\/\\\/bieler-lang.de\\\/en\\\/gases\\\/explosive-flammable-gases\\\/\"},{\"@type\":\"ListItem\",\"position\":4,\"name\":\"Butane (C\u2084H\u2081\u2080)\"}]},{\"@type\":\"WebSite\",\"@id\":\"https:\\\/\\\/bieler-lang.de\\\/#website\",\"url\":\"https:\\\/\\\/bieler-lang.de\\\/\",\"name\":\"Bieler+Lang\",\"description\":\"Eine weitere WordPress-Website\",\"potentialAction\":[{\"@type\":\"SearchAction\",\"target\":{\"@type\":\"EntryPoint\",\"urlTemplate\":\"https:\\\/\\\/bieler-lang.de\\\/?s={search_term_string}\"},\"query-input\":{\"@type\":\"PropertyValueSpecification\",\"valueRequired\":true,\"valueName\":\"search_term_string\"}}],\"inLanguage\":\"en-US\"}]}<\/script>\n<!-- \/ Yoast SEO Premium plugin. -->","yoast_head_json":{"title":"Butane Safety | C4H10 Detection & Hazards","description":"Butane safety information with C4H10 detection methods. Learn about explosion risks, LEL monitoring, and safe handling practices. Learn more.","robots":{"index":"index","follow":"follow","max-snippet":"max-snippet:-1","max-image-preview":"max-image-preview:large","max-video-preview":"max-video-preview:-1"},"canonical":"https:\/\/bieler-lang.de\/en\/gases\/explosive-flammable-gases\/butan_c4h10\/","og_locale":"en_US","og_type":"article","og_title":"Butane (C\u2084H\u2081\u2080)","og_description":"Butane safety information with C4H10 detection methods. Learn about explosion risks, LEL monitoring, and safe handling practices. Learn more.","og_url":"https:\/\/bieler-lang.de\/en\/gases\/explosive-flammable-gases\/butan_c4h10\/","og_site_name":"Bieler+Lang","article_publisher":"https:\/\/www.facebook.com\/profile.php?id=61560570132188","article_modified_time":"2026-04-27T15:20:37+00:00","og_image":[{"width":1920,"height":800,"url":"https:\/\/bieler-lang.de\/blcontent\/uploads\/2025\/08\/Bieler-Lang_Gas2__1920x800_AI_.jpg","type":"image\/jpeg"}],"twitter_card":"summary_large_image","twitter_misc":{"Est. reading time":"2 minutes"},"schema":{"@context":"https:\/\/schema.org","@graph":[{"@type":"WebPage","@id":"https:\/\/bieler-lang.de\/en\/gases\/explosive-flammable-gases\/butan_c4h10\/","url":"https:\/\/bieler-lang.de\/en\/gases\/explosive-flammable-gases\/butan_c4h10\/","name":"Butane Safety | C4H10 Detection & Hazards","isPartOf":{"@id":"https:\/\/bieler-lang.de\/#website"},"primaryImageOfPage":{"@id":"https:\/\/bieler-lang.de\/en\/gases\/explosive-flammable-gases\/butan_c4h10\/#primaryimage"},"image":{"@id":"https:\/\/bieler-lang.de\/en\/gases\/explosive-flammable-gases\/butan_c4h10\/#primaryimage"},"thumbnailUrl":"https:\/\/bieler-lang.de\/blcontent\/uploads\/2025\/08\/Bieler-Lang_Gas2__1920x800_AI_.jpg","datePublished":"2024-11-28T10:25:07+00:00","dateModified":"2026-04-27T15:20:37+00:00","description":"Butane safety information with C4H10 detection methods. Learn about explosion risks, LEL monitoring, and safe handling practices. Learn more.","breadcrumb":{"@id":"https:\/\/bieler-lang.de\/en\/gases\/explosive-flammable-gases\/butan_c4h10\/#breadcrumb"},"inLanguage":"en-US","potentialAction":[{"@type":"ReadAction","target":["https:\/\/bieler-lang.de\/en\/gases\/explosive-flammable-gases\/butan_c4h10\/"]}]},{"@type":"ImageObject","inLanguage":"en-US","@id":"https:\/\/bieler-lang.de\/en\/gases\/explosive-flammable-gases\/butan_c4h10\/#primaryimage","url":"https:\/\/bieler-lang.de\/blcontent\/uploads\/2025\/08\/Bieler-Lang_Gas2__1920x800_AI_.jpg","contentUrl":"https:\/\/bieler-lang.de\/blcontent\/uploads\/2025\/08\/Bieler-Lang_Gas2__1920x800_AI_.jpg"},{"@type":"BreadcrumbList","@id":"https:\/\/bieler-lang.de\/en\/gases\/explosive-flammable-gases\/butan_c4h10\/#breadcrumb","itemListElement":[{"@type":"ListItem","position":1,"name":"Home","item":"https:\/\/bieler-lang.de\/en\/"},{"@type":"ListItem","position":2,"name":"Gases","item":"https:\/\/bieler-lang.de\/en\/gases\/"},{"@type":"ListItem","position":3,"name":"Explosive &amp; flammable gases","item":"https:\/\/bieler-lang.de\/en\/gases\/explosive-flammable-gases\/"},{"@type":"ListItem","position":4,"name":"Butane (C\u2084H\u2081\u2080)"}]},{"@type":"WebSite","@id":"https:\/\/bieler-lang.de\/#website","url":"https:\/\/bieler-lang.de\/","name":"Bieler+Lang","description":"Eine weitere WordPress-Website","potentialAction":[{"@type":"SearchAction","target":{"@type":"EntryPoint","urlTemplate":"https:\/\/bieler-lang.de\/?s={search_term_string}"},"query-input":{"@type":"PropertyValueSpecification","valueRequired":true,"valueName":"search_term_string"}}],"inLanguage":"en-US"}]}},"_links":{"self":[{"href":"https:\/\/bieler-lang.de\/en\/wp-json\/wp\/v2\/pages\/6264","targetHints":{"allow":["GET"]}}],"collection":[{"href":"https:\/\/bieler-lang.de\/en\/wp-json\/wp\/v2\/pages"}],"about":[{"href":"https:\/\/bieler-lang.de\/en\/wp-json\/wp\/v2\/types\/page"}],"author":[{"embeddable":true,"href":"https:\/\/bieler-lang.de\/en\/wp-json\/wp\/v2\/users\/1"}],"replies":[{"embeddable":true,"href":"https:\/\/bieler-lang.de\/en\/wp-json\/wp\/v2\/comments?post=6264"}],"version-history":[{"count":16,"href":"https:\/\/bieler-lang.de\/en\/wp-json\/wp\/v2\/pages\/6264\/revisions"}],"predecessor-version":[{"id":11249,"href":"https:\/\/bieler-lang.de\/en\/wp-json\/wp\/v2\/pages\/6264\/revisions\/11249"}],"up":[{"embeddable":true,"href":"https:\/\/bieler-lang.de\/en\/wp-json\/wp\/v2\/pages\/6267"}],"wp:attachment":[{"href":"https:\/\/bieler-lang.de\/en\/wp-json\/wp\/v2\/media?parent=6264"}],"curies":[{"name":"wp","href":"https:\/\/api.w.org\/{rel}","templated":true}]}}