{"id":9518,"date":"2025-09-30T09:56:56","date_gmt":"2025-09-30T07:56:56","guid":{"rendered":"https:\/\/bieler-lang.de\/?page_id=9518"},"modified":"2025-09-30T11:03:36","modified_gmt":"2025-09-30T09:03:36","slug":"methanol-ch%e2%82%83oh","status":"publish","type":"page","link":"https:\/\/bieler-lang.de\/en\/gase\/explosive_brennbare-gase\/methanol-ch%e2%82%83oh\/","title":{"rendered":"Methanol (CH\u2083OH)"},"content":{"rendered":"\n<div class=\"wp-block-cover is-light is-style-abgeschnitten\" style=\"min-height:360px;aspect-ratio:unset;\"><img loading=\"lazy\" decoding=\"async\" width=\"1920\" height=\"800\" class=\"wp-block-cover__image-background wp-image-8869 size-full\" alt=\"Bieler+Lang : Gas\u00fcbersicht\" src=\"https:\/\/bieler-lang.de\/blcontent\/uploads\/2025\/08\/Bieler-Lang_Gas2__1920x800_AI_.jpg\" data-object-fit=\"cover\" srcset=\"https:\/\/bieler-lang.de\/blcontent\/uploads\/2025\/08\/Bieler-Lang_Gas2__1920x800_AI_.jpg 1920w, https:\/\/bieler-lang.de\/blcontent\/uploads\/2025\/08\/Bieler-Lang_Gas2__1920x800_AI_-300x125.jpg 300w, https:\/\/bieler-lang.de\/blcontent\/uploads\/2025\/08\/Bieler-Lang_Gas2__1920x800_AI_-1024x427.jpg 1024w, https:\/\/bieler-lang.de\/blcontent\/uploads\/2025\/08\/Bieler-Lang_Gas2__1920x800_AI_-768x320.jpg 768w, https:\/\/bieler-lang.de\/blcontent\/uploads\/2025\/08\/Bieler-Lang_Gas2__1920x800_AI_-1536x640.jpg 1536w, https:\/\/bieler-lang.de\/blcontent\/uploads\/2025\/08\/Bieler-Lang_Gas2__1920x800_AI_-24x10.jpg 24w, https:\/\/bieler-lang.de\/blcontent\/uploads\/2025\/08\/Bieler-Lang_Gas2__1920x800_AI_-36x15.jpg 36w, https:\/\/bieler-lang.de\/blcontent\/uploads\/2025\/08\/Bieler-Lang_Gas2__1920x800_AI_-48x20.jpg 48w, https:\/\/bieler-lang.de\/blcontent\/uploads\/2025\/08\/Bieler-Lang_Gas2__1920x800_AI_-600x250.jpg 600w\" sizes=\"auto, (max-width: 1920px) 100vw, 1920px\" \/><span aria-hidden=\"true\" class=\"wp-block-cover__background has-background-dim-0 has-background-dim\" style=\"background-color:#a5bbc7\"><\/span><div class=\"wp-block-cover__inner-container is-layout-constrained wp-block-cover-is-layout-constrained\">\n<p class=\"has-text-align-center has-large-font-size\"><\/p>\n<\/div><\/div>\n\n\n\n<div class=\"wp-block-bl-block-spacer\"><div class=\"is-style-small\"><\/div><\/div>\n\n\n\n<h1 class=\"wp-block-heading\">Methanol (CH\u2083OH) sicher \u00fcberwachen<\/h1>\n\n\n\n<h2 class=\"wp-block-heading\"><strong>Zuverl\u00e4ssige Gasdetektion f\u00fcr den sicheren Umgang mit Methanol<\/strong><\/h2>\n\n\n\n<div class=\"wp-block-bl-block-spacer\"><div class=\"is-style-small\"><\/div><\/div>\n\n\n\n<p>Methanol, auch bekannt als Methylalkohol oder Holzalkohol, ist eine farblose, leicht fl\u00fcchtige und hochentz\u00fcndliche Fl\u00fcssigkeit mit einem s\u00fc\u00dflichen Geruch. In der Industrie dient Methanol als Grundstoff f\u00fcr zahlreiche chemische Prozesse, wird als Kraftstoffzusatz verwendet und gewinnt zunehmend an Bedeutung als erneuerbare Energiequelle in Form von <strong>Methanol<\/strong>.<\/p>\n\n\n\n<p><\/p>\n\n\n\n<p>Aufgrund seiner hohen Toxizit\u00e4t und Verdampfungsneigung stellt Methanol insbesondere in <strong>Kryotanks zur Lagerung von Methanol oder Biomethanol<\/strong>, ein erhebliches Sicherheitsrisiko dar. Professionelle <strong>Gaswarnanlagen f\u00fcr Kryotanks<\/strong> sind daher essenziell, um unsichtbare Gefahren fr\u00fchzeitig zu erkennen und Leben sowie Anlagen zu sch\u00fctzen.<\/p>\n\n\n\n<div class=\"wp-block-bl-block-spacer\"><div class=\"is-style-medium\"><\/div><\/div>\n\n\n\n<h3 class=\"wp-block-heading\">Gefahren durch Methanol \u2013 Warum Gaswarnsysteme unerl\u00e4sslich sind<\/h3>\n\n\n\n<div class=\"wp-block-bl-block-spacer\"><div class=\"is-style-small\"><\/div><\/div>\n\n\n\n<ul class=\"wp-block-list\">\n<li><strong>Explosions- und Brandrisiko:<\/strong> Methanold\u00e4mpfe im Bereich zwischen LEL und UEL k\u00f6nnen gez\u00fcndet werden. Bereits kleine Leckagen in schlecht bel\u00fcfteten Bereichen sind gef\u00e4hrlich.<\/li>\n\n\n\n<li><strong>Maritime Besonderheiten:<\/strong> Enge R\u00e4ume, Bilgen, Maschinenr\u00e4ume und Treibstoffleitungen erh\u00f6hen das Risiko; Seegang kann Leckagen versch\u00e4rfen.<\/li>\n\n\n\n<li><strong>Brennstoffzellen &amp; Reforming:<\/strong> Bei Direkt\u2011Methanol\u2011Brennstoffzellen (DMFC) oder Reformeranlagen entstehen zus\u00e4tzlich Gase (H\u2082, CO), die andere Detektionserfordernisse haben (z. B. H\u2082\u2011Sensorik).<\/li>\n\n\n\n<li><strong>Personenschutz &amp; Umweltschutz:<\/strong> Neben Brandrisiken k\u00f6nnen hohe Dampfkonzentrationen die Gesundheit beeintr\u00e4chtigen \u2014 Gaswarntechnik sch\u00fctzt Leben und Schiffsbetrieb.<\/li>\n<\/ul>\n\n\n\n<div class=\"wp-block-bl-block-spacer\"><div class=\"is-style-small\"><\/div><\/div>\n\n\n\n<h3 class=\"wp-block-heading\">Unsere L\u00f6sung: Zuverl\u00e4ssige Methanol-Gaswarnger\u00e4te<\/h3>\n\n\n\n<p><\/p>\n\n\n\n<p>Unsere <strong>Gaswarnsysteme f\u00fcr Methanol (CH\u2083OH)<\/strong> detektieren bereits niedrigste Konzentrationen zuverl\u00e4ssig und warnen fr\u00fchzeitig vor gef\u00e4hrlicher Exposition. Unsere Sensoren sind speziell auf die Anforderungen in Industrie, Labor und Energiegewinnung ausgelegt \u2013 auch im Zusammenhang mit der Nutzung von <strong>Biomethanol<\/strong>.<\/p>\n\n\n\n<div class=\"wp-block-bl-block-spacer\"><div class=\"is-style-small\"><\/div><\/div>\n\n\n\n<p><strong>Ihre Vorteile auf einen Blick:<\/strong><\/p>\n\n\n\n<ul class=\"wp-block-list\">\n<li>Pr\u00e4zise Methanol-Detektion (ppm-Bereich)<\/li>\n\n\n\n<li>Fr\u00fchzeitige Warnung bei Leckagen<\/li>\n\n\n\n<li>Robuste Technik f\u00fcr industrielle Umgebungen<\/li>\n\n\n\n<li>Einbindung in bestehende Alarmsysteme m\u00f6glich<\/li>\n\n\n\n<li>Unterst\u00fctzung bei der Einhaltung gesetzlicher Grenzwerte (z.\u202fB. AGW, MAK-Werte)<\/li>\n<\/ul>\n\n\n\n<div class=\"wp-block-bl-block-spacer\"><div class=\"is-style-medium\"><\/div><\/div>\n\n\n\n<p><strong>Typische Einsatzbereiche:<\/strong><\/p>\n\n\n\n<ul class=\"wp-block-list\">\n<li>Chemische Industrie<\/li>\n\n\n\n<li>Energieerzeugung (Biomethanol-Anlagen)<\/li>\n\n\n\n<li>Forschungslabore &amp; Universit\u00e4ten<\/li>\n\n\n\n<li>Tanklager und Umschlagstationen<\/li>\n\n\n\n<li>Fahrzeugindustrie (Betankungssysteme alternativer Antriebe)<\/li>\n<\/ul>\n\n\n\n<div class=\"wp-block-bl-block-spacer\"><div class=\"is-style-medium\"><\/div><\/div>\n\n\n\n<h3 class=\"wp-block-heading\">Rechtliche Anforderungen &amp; Arbeitsschutz<\/h3>\n\n\n\n<p><\/p>\n\n\n\n<p>In vielen L\u00e4ndern gelten strenge Vorschriften f\u00fcr den Umgang mit Methanol. Unsere Gaswarnger\u00e4te helfen Ihnen, <strong>gesetzliche Auflagen<\/strong> wie die TRGS 900 (Technische Regeln f\u00fcr Gefahrstoffe) oder EU-REACH-Verordnungen sicher einzuhalten und den <strong>Arbeitsschutz<\/strong> Ihrer Mitarbeiter zu gew\u00e4hrleisten.<\/p>\n\n\n\n<div class=\"wp-block-bl-block-spacer\"><div class=\"is-style-medium\"><\/div><\/div>\n\n\n\n<h3 class=\"wp-block-heading\">Sie setzen auf Methanol? Wir liefern die passende Sicherheitstechnik.<\/h3>\n\n\n\n<p><\/p>\n\n\n\n<p>Ob bei der Umstellung auf alternative Energietr\u00e4ger oder im klassischen Einsatz in der chemischen Industrie \u2013 mit unseren Gaswarnger\u00e4ten sind Sie auf der sicheren Seite. Kontaktieren Sie uns f\u00fcr eine individuelle Beratung oder fordern Sie direkt ein Angebot an!<\/p>\n\n\n\n<div class=\"wp-block-bl-block-spacer\"><div class=\"is-style-medium\"><\/div><\/div>\n\n\n\n<h5 class=\"wp-block-heading\">Folgende Gasmessf\u00fchler und Anlagen von Bieler+Lang k\u00f6nnen Methanol erkennen<br><\/h5>\n\n\n\n<p>Bei der Auswahl der passenden Detektoren und der entsprechender Auswerteger\u00e4te f\u00fcr Ihre individuelle Anwendung beraten wir Sie gerne.<\/p>\n\n\n\n<div class=\"wp-block-bl-block-spacer\"><div class=\"is-style-large\"><\/div><\/div>\n\n\n<div data-block-name=\"woocommerce\/product-tag\" data-tags=\"[370]\" class=\"wc-block-grid wp-block-product-tag wp-block-woocommerce-product-tag wc-block-product-tag has-3-columns has-multiple-rows\"><ul class=\"wc-block-grid__products\"><li class=\"wc-block-grid__product\">\n\t\t\t\t<a href=\"https:\/\/bieler-lang.de\/en\/product\/exdetector-hc-100-hc-100-k\/\" class=\"wc-block-grid__product-link\">\n\t\t\t\t\t\n\t\t\t\t\t<div class=\"wc-block-grid__product-image\"><img loading=\"lazy\" decoding=\"async\" width=\"300\" height=\"300\" src=\"https:\/\/bieler-lang.de\/blcontent\/uploads\/2020\/09\/BL_GasDetector-HC100_01ex-1-300x300.jpg\" class=\"attachment-woocommerce_thumbnail size-woocommerce_thumbnail\" alt=\"Bieler+Lang_ExDetector_HC100K+HC100K_gasdetector_for explosive gases_ex-zone_1_SIL_1_ATEX_duct mounting\" srcset=\"https:\/\/bieler-lang.de\/blcontent\/uploads\/2020\/09\/BL_GasDetector-HC100_01ex-1-300x300.jpg 300w, https:\/\/bieler-lang.de\/blcontent\/uploads\/2020\/09\/BL_GasDetector-HC100_01ex-1-100x100.jpg 100w, https:\/\/bieler-lang.de\/blcontent\/uploads\/2020\/09\/BL_GasDetector-HC100_01ex-1-150x150.jpg 150w\" sizes=\"auto, (max-width: 300px) 100vw, 300px\" \/><\/div>\n\t\t\t\t\t<div class=\"wc-block-grid__product-title\">ExDetector HC 100 \/ HC 100 K<\/div>\n\t\t\t\t<\/a>\n\t\t\t\t<div class=\"wc-block-grid__product-price price\"><\/div>\n\t\t\t\t\n\t\t\t\t<div class=\"wp-block-button wc-block-grid__product-add-to-cart\"><a href=\"https:\/\/bieler-lang.de\/en\/product\/exdetector-hc-100-hc-100-k\/\" aria-label=\"Read more about &ldquo;ExDetector HC 100 \/ HC 100 K&rdquo;\" data-quantity=\"1\" data-product_id=\"7137\" data-product_sku=\"\" data-price=\"0\" rel=\"nofollow\" class=\"wp-block-button__link  add_to_cart_button\">Learn more<\/a><\/div>\n\t\t\t<\/li><li class=\"wc-block-grid__product\">\n\t\t\t\t<a href=\"https:\/\/bieler-lang.de\/en\/product\/exdetector-hc-200\/\" class=\"wc-block-grid__product-link\">\n\t\t\t\t\t\n\t\t\t\t\t<div class=\"wc-block-grid__product-image\"><img loading=\"lazy\" decoding=\"async\" width=\"300\" height=\"300\" src=\"https:\/\/bieler-lang.de\/blcontent\/uploads\/2020\/09\/BL_GasDetector-HC200_01ex-300x300.jpg\" class=\"attachment-woocommerce_thumbnail size-woocommerce_thumbnail\" alt=\"B+L \" srcset=\"https:\/\/bieler-lang.de\/blcontent\/uploads\/2020\/09\/BL_GasDetector-HC200_01ex-300x300.jpg 300w, https:\/\/bieler-lang.de\/blcontent\/uploads\/2020\/09\/BL_GasDetector-HC200_01ex-100x100.jpg 100w, https:\/\/bieler-lang.de\/blcontent\/uploads\/2020\/09\/BL_GasDetector-HC200_01ex-150x150.jpg 150w\" sizes=\"auto, (max-width: 300px) 100vw, 300px\" \/><\/div>\n\t\t\t\t\t<div class=\"wc-block-grid__product-title\">ExDetector HC 200<\/div>\n\t\t\t\t<\/a>\n\t\t\t\t<div class=\"wc-block-grid__product-price price\"><\/div>\n\t\t\t\t\n\t\t\t\t<div class=\"wp-block-button wc-block-grid__product-add-to-cart\"><a href=\"https:\/\/bieler-lang.de\/en\/product\/exdetector-hc-200\/\" aria-label=\"Read more about &ldquo;ExDetector HC 200&rdquo;\" data-quantity=\"1\" data-product_id=\"6803\" data-product_sku=\"\" data-price=\"0\" rel=\"nofollow\" class=\"wp-block-button__link  add_to_cart_button\">Learn more<\/a><\/div>\n\t\t\t<\/li><\/ul><\/div>","protected":false},"excerpt":{"rendered":"<p>Methanol (CH\u2083OH) sicher \u00fcberwachen Zuverl\u00e4ssige Gasdetektion f\u00fcr den sicheren Umgang mit Methanol Methanol, auch bekannt als Methylalkohol oder Holzalkohol, ist eine farblose, leicht fl\u00fcchtige und hochentz\u00fcndliche Fl\u00fcssigkeit mit einem s\u00fc\u00dflichen Geruch. In der Industrie dient Methanol als Grundstoff f\u00fcr zahlreiche chemische Prozesse, wird als Kraftstoffzusatz verwendet und gewinnt zunehmend an Bedeutung als erneuerbare Energiequelle in [&hellip;]<\/p>\n","protected":false},"author":6,"featured_media":0,"parent":4926,"menu_order":222,"comment_status":"closed","ping_status":"closed","template":"","meta":{"inline_featured_image":false,"footnotes":""},"class_list":["post-9518","page","type-page","status-publish","hentry"],"yoast_head":"<!-- This site is optimized with the Yoast SEO Premium plugin v27.4 (Yoast SEO v27.4) - https:\/\/yoast.com\/product\/yoast-seo-premium-wordpress\/ -->\n<title>Methanol (CH\u2083OH) - Bieler+Lang<\/title>\n<meta name=\"robots\" content=\"index, follow, max-snippet:-1, max-image-preview:large, max-video-preview:-1\" \/>\n<link rel=\"canonical\" href=\"https:\/\/bieler-lang.de\/gase\/explosive_brennbare-gase\/methanol-ch\u2083oh\/\" \/>\n<meta property=\"og:locale\" content=\"en_US\" \/>\n<meta property=\"og:type\" content=\"article\" \/>\n<meta property=\"og:title\" content=\"Methanol (CH\u2083OH)\" \/>\n<meta property=\"og:description\" content=\"Methanol (CH\u2083OH) sicher \u00fcberwachen Zuverl\u00e4ssige Gasdetektion f\u00fcr den sicheren Umgang mit Methanol Methanol, auch bekannt als Methylalkohol oder Holzalkohol, ist eine farblose, leicht fl\u00fcchtige und hochentz\u00fcndliche Fl\u00fcssigkeit mit einem s\u00fc\u00dflichen Geruch. In der Industrie dient Methanol als Grundstoff f\u00fcr zahlreiche chemische Prozesse, wird als Kraftstoffzusatz verwendet und gewinnt zunehmend an Bedeutung als erneuerbare Energiequelle in [&hellip;]\" \/>\n<meta property=\"og:url\" content=\"https:\/\/bieler-lang.de\/gase\/explosive_brennbare-gase\/methanol-ch\u2083oh\/\" \/>\n<meta property=\"og:site_name\" content=\"Bieler+Lang\" \/>\n<meta property=\"article:publisher\" content=\"https:\/\/www.facebook.com\/profile.php?id=61560570132188\" \/>\n<meta property=\"article:modified_time\" content=\"2025-09-30T09:03:36+00:00\" \/>\n<meta property=\"og:image\" content=\"https:\/\/bieler-lang.de\/blcontent\/uploads\/2025\/08\/Bieler-Lang_Gas2__1920x800_AI_.jpg\" \/>\n\t<meta property=\"og:image:width\" content=\"1920\" \/>\n\t<meta property=\"og:image:height\" content=\"800\" \/>\n\t<meta property=\"og:image:type\" content=\"image\/jpeg\" \/>\n<meta name=\"twitter:card\" content=\"summary_large_image\" \/>\n<meta name=\"twitter:label1\" content=\"Est. reading time\" \/>\n\t<meta name=\"twitter:data1\" content=\"2 minutes\" \/>\n<script type=\"application\/ld+json\" class=\"yoast-schema-graph\">{\"@context\":\"https:\\\/\\\/schema.org\",\"@graph\":[{\"@type\":\"WebPage\",\"@id\":\"https:\\\/\\\/bieler-lang.de\\\/gase\\\/explosive_brennbare-gase\\\/methanol-ch%e2%82%83oh\\\/\",\"url\":\"https:\\\/\\\/bieler-lang.de\\\/gase\\\/explosive_brennbare-gase\\\/methanol-ch%e2%82%83oh\\\/\",\"name\":\"Methanol (CH\u2083OH) - Bieler+Lang\",\"isPartOf\":{\"@id\":\"https:\\\/\\\/bieler-lang.de\\\/#website\"},\"primaryImageOfPage\":{\"@id\":\"https:\\\/\\\/bieler-lang.de\\\/gase\\\/explosive_brennbare-gase\\\/methanol-ch%e2%82%83oh\\\/#primaryimage\"},\"image\":{\"@id\":\"https:\\\/\\\/bieler-lang.de\\\/gase\\\/explosive_brennbare-gase\\\/methanol-ch%e2%82%83oh\\\/#primaryimage\"},\"thumbnailUrl\":\"https:\\\/\\\/bieler-lang.de\\\/blcontent\\\/uploads\\\/2025\\\/08\\\/Bieler-Lang_Gas2__1920x800_AI_.jpg\",\"datePublished\":\"2025-09-30T07:56:56+00:00\",\"dateModified\":\"2025-09-30T09:03:36+00:00\",\"breadcrumb\":{\"@id\":\"https:\\\/\\\/bieler-lang.de\\\/gase\\\/explosive_brennbare-gase\\\/methanol-ch%e2%82%83oh\\\/#breadcrumb\"},\"inLanguage\":\"en-US\",\"potentialAction\":[{\"@type\":\"ReadAction\",\"target\":[\"https:\\\/\\\/bieler-lang.de\\\/gase\\\/explosive_brennbare-gase\\\/methanol-ch%e2%82%83oh\\\/\"]}]},{\"@type\":\"ImageObject\",\"inLanguage\":\"en-US\",\"@id\":\"https:\\\/\\\/bieler-lang.de\\\/gase\\\/explosive_brennbare-gase\\\/methanol-ch%e2%82%83oh\\\/#primaryimage\",\"url\":\"https:\\\/\\\/bieler-lang.de\\\/blcontent\\\/uploads\\\/2025\\\/08\\\/Bieler-Lang_Gas2__1920x800_AI_.jpg\",\"contentUrl\":\"https:\\\/\\\/bieler-lang.de\\\/blcontent\\\/uploads\\\/2025\\\/08\\\/Bieler-Lang_Gas2__1920x800_AI_.jpg\"},{\"@type\":\"BreadcrumbList\",\"@id\":\"https:\\\/\\\/bieler-lang.de\\\/gase\\\/explosive_brennbare-gase\\\/methanol-ch%e2%82%83oh\\\/#breadcrumb\",\"itemListElement\":[{\"@type\":\"ListItem\",\"position\":1,\"name\":\"Home\",\"item\":\"https:\\\/\\\/bieler-lang.de\\\/en\\\/\"},{\"@type\":\"ListItem\",\"position\":2,\"name\":\"Gase\",\"item\":\"https:\\\/\\\/bieler-lang.de\\\/gase\\\/\"},{\"@type\":\"ListItem\",\"position\":3,\"name\":\"Explosive &#038; Brennbare Gase\",\"item\":\"https:\\\/\\\/bieler-lang.de\\\/gase\\\/explosive_brennbare-gase\\\/\"},{\"@type\":\"ListItem\",\"position\":4,\"name\":\"Methanol (CH\u2083OH)\"}]},{\"@type\":\"WebSite\",\"@id\":\"https:\\\/\\\/bieler-lang.de\\\/#website\",\"url\":\"https:\\\/\\\/bieler-lang.de\\\/\",\"name\":\"Bieler+Lang\",\"description\":\"Eine weitere WordPress-Website\",\"potentialAction\":[{\"@type\":\"SearchAction\",\"target\":{\"@type\":\"EntryPoint\",\"urlTemplate\":\"https:\\\/\\\/bieler-lang.de\\\/?s={search_term_string}\"},\"query-input\":{\"@type\":\"PropertyValueSpecification\",\"valueRequired\":true,\"valueName\":\"search_term_string\"}}],\"inLanguage\":\"en-US\"}]}<\/script>\n<!-- \/ Yoast SEO Premium plugin. -->","yoast_head_json":{"title":"Methanol (CH\u2083OH) - Bieler+Lang","robots":{"index":"index","follow":"follow","max-snippet":"max-snippet:-1","max-image-preview":"max-image-preview:large","max-video-preview":"max-video-preview:-1"},"canonical":"https:\/\/bieler-lang.de\/gase\/explosive_brennbare-gase\/methanol-ch\u2083oh\/","og_locale":"en_US","og_type":"article","og_title":"Methanol (CH\u2083OH)","og_description":"Methanol (CH\u2083OH) sicher \u00fcberwachen Zuverl\u00e4ssige Gasdetektion f\u00fcr den sicheren Umgang mit Methanol Methanol, auch bekannt als Methylalkohol oder Holzalkohol, ist eine farblose, leicht fl\u00fcchtige und hochentz\u00fcndliche Fl\u00fcssigkeit mit einem s\u00fc\u00dflichen Geruch. In der Industrie dient Methanol als Grundstoff f\u00fcr zahlreiche chemische Prozesse, wird als Kraftstoffzusatz verwendet und gewinnt zunehmend an Bedeutung als erneuerbare Energiequelle in [&hellip;]","og_url":"https:\/\/bieler-lang.de\/gase\/explosive_brennbare-gase\/methanol-ch\u2083oh\/","og_site_name":"Bieler+Lang","article_publisher":"https:\/\/www.facebook.com\/profile.php?id=61560570132188","article_modified_time":"2025-09-30T09:03:36+00:00","og_image":[{"width":1920,"height":800,"url":"https:\/\/bieler-lang.de\/blcontent\/uploads\/2025\/08\/Bieler-Lang_Gas2__1920x800_AI_.jpg","type":"image\/jpeg"}],"twitter_card":"summary_large_image","twitter_misc":{"Est. reading time":"2 minutes"},"schema":{"@context":"https:\/\/schema.org","@graph":[{"@type":"WebPage","@id":"https:\/\/bieler-lang.de\/gase\/explosive_brennbare-gase\/methanol-ch%e2%82%83oh\/","url":"https:\/\/bieler-lang.de\/gase\/explosive_brennbare-gase\/methanol-ch%e2%82%83oh\/","name":"Methanol (CH\u2083OH) - Bieler+Lang","isPartOf":{"@id":"https:\/\/bieler-lang.de\/#website"},"primaryImageOfPage":{"@id":"https:\/\/bieler-lang.de\/gase\/explosive_brennbare-gase\/methanol-ch%e2%82%83oh\/#primaryimage"},"image":{"@id":"https:\/\/bieler-lang.de\/gase\/explosive_brennbare-gase\/methanol-ch%e2%82%83oh\/#primaryimage"},"thumbnailUrl":"https:\/\/bieler-lang.de\/blcontent\/uploads\/2025\/08\/Bieler-Lang_Gas2__1920x800_AI_.jpg","datePublished":"2025-09-30T07:56:56+00:00","dateModified":"2025-09-30T09:03:36+00:00","breadcrumb":{"@id":"https:\/\/bieler-lang.de\/gase\/explosive_brennbare-gase\/methanol-ch%e2%82%83oh\/#breadcrumb"},"inLanguage":"en-US","potentialAction":[{"@type":"ReadAction","target":["https:\/\/bieler-lang.de\/gase\/explosive_brennbare-gase\/methanol-ch%e2%82%83oh\/"]}]},{"@type":"ImageObject","inLanguage":"en-US","@id":"https:\/\/bieler-lang.de\/gase\/explosive_brennbare-gase\/methanol-ch%e2%82%83oh\/#primaryimage","url":"https:\/\/bieler-lang.de\/blcontent\/uploads\/2025\/08\/Bieler-Lang_Gas2__1920x800_AI_.jpg","contentUrl":"https:\/\/bieler-lang.de\/blcontent\/uploads\/2025\/08\/Bieler-Lang_Gas2__1920x800_AI_.jpg"},{"@type":"BreadcrumbList","@id":"https:\/\/bieler-lang.de\/gase\/explosive_brennbare-gase\/methanol-ch%e2%82%83oh\/#breadcrumb","itemListElement":[{"@type":"ListItem","position":1,"name":"Home","item":"https:\/\/bieler-lang.de\/en\/"},{"@type":"ListItem","position":2,"name":"Gase","item":"https:\/\/bieler-lang.de\/gase\/"},{"@type":"ListItem","position":3,"name":"Explosive &#038; Brennbare Gase","item":"https:\/\/bieler-lang.de\/gase\/explosive_brennbare-gase\/"},{"@type":"ListItem","position":4,"name":"Methanol (CH\u2083OH)"}]},{"@type":"WebSite","@id":"https:\/\/bieler-lang.de\/#website","url":"https:\/\/bieler-lang.de\/","name":"Bieler+Lang","description":"Eine weitere WordPress-Website","potentialAction":[{"@type":"SearchAction","target":{"@type":"EntryPoint","urlTemplate":"https:\/\/bieler-lang.de\/?s={search_term_string}"},"query-input":{"@type":"PropertyValueSpecification","valueRequired":true,"valueName":"search_term_string"}}],"inLanguage":"en-US"}]}},"_links":{"self":[{"href":"https:\/\/bieler-lang.de\/en\/wp-json\/wp\/v2\/pages\/9518","targetHints":{"allow":["GET"]}}],"collection":[{"href":"https:\/\/bieler-lang.de\/en\/wp-json\/wp\/v2\/pages"}],"about":[{"href":"https:\/\/bieler-lang.de\/en\/wp-json\/wp\/v2\/types\/page"}],"author":[{"embeddable":true,"href":"https:\/\/bieler-lang.de\/en\/wp-json\/wp\/v2\/users\/6"}],"replies":[{"embeddable":true,"href":"https:\/\/bieler-lang.de\/en\/wp-json\/wp\/v2\/comments?post=9518"}],"version-history":[{"count":7,"href":"https:\/\/bieler-lang.de\/en\/wp-json\/wp\/v2\/pages\/9518\/revisions"}],"predecessor-version":[{"id":9710,"href":"https:\/\/bieler-lang.de\/en\/wp-json\/wp\/v2\/pages\/9518\/revisions\/9710"}],"up":[{"embeddable":true,"href":"https:\/\/bieler-lang.de\/en\/wp-json\/wp\/v2\/pages\/4926"}],"wp:attachment":[{"href":"https:\/\/bieler-lang.de\/en\/wp-json\/wp\/v2\/media?parent=9518"}],"curies":[{"name":"wp","href":"https:\/\/api.w.org\/{rel}","templated":true}]}}