{"id":10507,"date":"2026-02-26T17:13:11","date_gmt":"2026-02-26T16:13:11","guid":{"rendered":"https:\/\/bieler-lang.de\/?post_type=product&#038;p=10507"},"modified":"2026-03-31T10:21:32","modified_gmt":"2026-03-31T08:21:32","slug":"safepark-gateway-c6","status":"publish","type":"product","link":"https:\/\/bieler-lang.de\/en\/product\/safepark-gateway-c6\/","title":{"rendered":"SafePark GATEWAY-C+6"},"content":{"rendered":"<p data-start=\"901\" data-end=\"1366\">The <strong data-start=\"905\" data-end=\"928\">SafePark GATEWAY-C+6<\/strong> is a powerful gas detection computer for installation in standard field distributors. It was developed especially for use in parking garages, underground garages, parking decks, but also in converted parking spaces in residential complexes and for comparable applications. The device is the control center of an addressable gas detection system and is <strong>certified<\/strong> according to <strong>EN 50545-1<\/strong>:2011 + A1:2016 and <strong>EN 50271<\/strong>:2018. The modular structure of a <strong>Bieler+Lang SafePark gas detection system<\/strong>allows efficient monitoring even over very large areas of public parking facilities. <strong data-start=\"292\" data-end=\"315\">SafePark GATEWAY-C+6 <\/strong>offers complete control over every element of your gas detection system. Our WLAN interface provides you with digital measured values.<\/p>\n<h3>Features:<\/h3>\n<p data-start=\"901\" data-end=\"1366\"><strong data-start=\"905\" data-end=\"928\">SafePark GATEWAY-C+6 <\/strong>is designed for reliable BUS networking of up to <strong>128 detectors, I\/O modules and additional devices<\/strong> via a maximum of 6 BUS strands with a simple 2-wire cable. Advantage: You avoid the often complex and very expensive star-shaped cabling from an analog gas measuring computer to each individual measuring point in the parking garage.<\/p>\n<p data-start=\"901\" data-end=\"1366\">The intelligent communication technology ensures that gas and air quality values are continuously monitored and that the warnings and alarms specified in the standard are triggered if limit values are exceeded.<\/p>\n<p data-start=\"1368\" data-end=\"1769\">Thanks to the integrated <strong data-start=\"1386\" data-end=\"1404\">Wi-Fi function<\/strong>, you can even conveniently monitor the <strong>SafePark system<\/strong> remotely, call up service reports and carry out system updates. Warnings, alarms and ventilation control can be automated and reliably controlled.<\/p>\n<p data-start=\"1368\" data-end=\"1769\">Flexible system integration: The gas measuring computer can be easily integrated into existing building and ventilation control systems via standardized interfaces such as <strong data-start=\"1563\" data-end=\"1573\">BACnet<\/strong> and <strong data-start=\"1578\" data-end=\"1588\">Modbus<\/strong>.<\/p>\n<p data-start=\"1771\" data-end=\"2144\">The compact device is designed for mounting on a top-hat rail (DIN rail). Technically, the controller is designed for indoor operation, with standard power supply via 110\/230 V AC and protection class <strong data-start=\"2287\" data-end=\"2295\">IP54<\/strong>.<\/p>\n<h3 data-start=\"288\" data-end=\"623\">Key features SafePark GATEWAY-C+6:<\/h3>\n<p>&nbsp;<\/p>\n<ul>\n<li>Control and evaluation unit for addressable gas warning systems in parking garages, underground garages, parking decks<\/li>\n<li>Complies with EN 50545-1:2011 + A1:2016 and EN 50271:2018<\/li>\n<li>6 BUS strings for up to 128<strong> gas measuring points<\/strong> and devices<\/li>\n<li>Interfaces for <strong>WLAN<\/strong>, <strong data-start=\"654\" data-end=\"664\">BACnet<\/strong> and <strong data-start=\"670\" data-end=\"695\">Modbus<\/strong><\/li>\n<li>Integration into modern building management and ventilation systems<\/li>\n<li>Top hat rail mounting<\/li>\n<\/ul>\n<ul>\n<li>Good to know: The smaller <strong data-start=\"292\" data-end=\"315\">SafePark GATEWAY-C <\/strong>is suitable for use in smaller gas detection systems where up to 32 <strong>measuring points<\/strong> and addressable devices are sufficient<\/li>\n<\/ul>\n<p>&nbsp;<\/p>\n<h3>Conclusion on the SafePark GATEWAY-C+6:<\/h3>\n<p data-start=\"0\" data-end=\"259\">The system offers convenient remote monitoring, intuitive set-up and reduced installation and maintenance costs and is ideal for safety-related monitoring of typical toxic vehicle exhaust gases such as <strong>carbon monoxide CO<\/strong>, <strong>nitrogen monoxide NO<\/strong> and <strong>nitrogen dioxide NO\u2082<\/strong>. This makes it the ideal solution for safe, high-performance, low-maintenance and cost-effective gas monitoring in parking areas.<\/p>\n<p data-start=\"0\" data-end=\"259\">The Bieler+Lang <strong data-start=\"292\" data-end=\"315\">SafePark GATEWAY-C+6<\/strong> is therefore the first option for planners, installers, ventilation engineers and operators of parking garages who use gas warning devices in accordance with <strong>EN 50545-1<\/strong>:2011 + A1:2016 and <strong>EN 50271<\/strong>:2018 for detection.<\/p>\n<h6>Available accessories:<\/h6>\n<ul>\n<li>Central emergency power supply<\/li>\n<li>Horns<\/li>\n<li>Warning lights<\/li>\n<li><strong>GM 750 SafePark<\/strong> sensors or detectors (carbon monoxide CO, nitrogen monoxide NO, nitrogen dioxide NO\u2082)<\/li>\n<li><strong>SafePark 650C Switchboard<\/strong> operating element for the enclosure door<\/li>\n<\/ul>\n","protected":false},"excerpt":{"rendered":"<h2>Control center for addressable gas warning systems in parking garages, underground garages, parking decks according to EN 50545-1<\/h2>\n<p>&nbsp;<\/p>\n<h3>-available soon<\/h3>\n<p>&nbsp;<\/p>\n<p data-start=\"0\" data-end=\"259\">The Bieler+Lang <strong data-start=\"292\" data-end=\"315\">SafePark GATEWAY-C+6<\/strong> is the first option for planners, installers, ventilation engineers and operators of parking garages who use gas warning devices for detection in accordance with <strong>DIN EN 50545-1<\/strong>:2011 + A1:2016 and <strong>EN 50271<\/strong>:2018. The system offers convenient <strong data-start=\"926\" data-end=\"945\">remote monitoring<\/strong>, intuitive setup and reduced installation and maintenance costs for very large parking areas that need to be monitored for hazardous vehicle exhaust fumes.<\/p>\n<p data-start=\"0\" data-end=\"259\">It is ideal for safety-related monitoring of typical toxic parking garage exhaust gases such as <strong>carbon monoxide CO<\/strong>, <strong>nitrogen monoxide NO<\/strong> and <strong>nitrogen dioxide NO\u2082<\/strong>.<\/p>\n<p data-start=\"0\" data-end=\"259\"><strong data-start=\"292\" data-end=\"315\">SafePark GATEWAY-C+6 <\/strong>offers complete control over every element of your gas detection system. With our 2-wire BUS system, efficient, clear and without complex star-shaped cabling. You also receive digital measured values via our WLAN interface.<\/p>\n<p data-start=\"261\" data-end=\"408\" data-is-last-node=\"\" data-is-only-node=\"\">The <strong data-start=\"292\" data-end=\"315\">SafePark GATEWAY-C+6<\/strong> serves as a central control and evaluation unit. It is compact, is mounted on a DIN rail in the distribution cabinet to save space and is operated via the <strong>SafePark 650C switchboard<\/strong>. <strong data-start=\"292\" data-end=\"315\">SafePark GATEWAY-C <\/strong>is available with just one BUS line (for up to 32 measuring points, called <strong data-start=\"292\" data-end=\"315\">SafePark GATEWAY-C<\/strong> ) as well as the <strong data-start=\"292\" data-end=\"315\">SafePark GATEWAY-C+6 <\/strong>variant described here with 6 BUS lines for up to 128 measuring points.<\/p>\n<p data-start=\"625\" data-end=\"894\">With integrated <strong data-start=\"644\" data-end=\"652\">WLAN<\/strong>, <strong data-start=\"654\" data-end=\"664\">BACnet<\/strong> and <strong data-start=\"670\" data-end=\"695\">Modbus interfaces<\/strong>, this SafePark controller can be flexibly integrated into building management and ventilation systems. Warnings, alarms and ventilation control can thus be automated and reliably controlled.<\/p>\n<h6><\/h6>\n<h6>Unparalleled versatility:<\/h6>\n<ul>\n<li>Interfaces for <strong>WLAN<\/strong>, <strong data-start=\"654\" data-end=\"664\">BACnet<\/strong> and <strong data-start=\"670\" data-end=\"695\">Modbus<\/strong><\/li>\n<li>Integration into modern building management and ventilation systems<\/li>\n<li>Simple top-hat rail mounting in the control cabinet<\/li>\n<li>6 BUS strings for up to <strong>128 gas measuring points<\/strong><\/li>\n<li>for suitable <strong>GM 750 SafePark<\/strong> sensors (carbon monoxide CO, nitrogen monoxide NO, nitrogen dioxide NO\u2082)<\/li>\n<li>Operation via <strong>SafePark 650C Switchboard <\/strong>for practical installation in the enclosure door.<\/li>\n<\/ul>\n<h6><\/h6>\n<h6>Fully certified:<\/h6>\n<ul>\n<li>EN 50545-1:2011 + A1:2016<\/li>\n<li>EN 50271:2018<\/li>\n<\/ul>\n<h6><\/h6>\n<h6>Simple operation:<\/h6>\n<ul>\n<li>Intuitive setup<\/li>\n<li>Reduced installation and maintenance costs<\/li>\n<li>Everyday operation via <strong>SafePark 650C switchboard <\/strong>with practical rotary pushbutton and color change display<\/li>\n<\/ul>\n<p><!-- \/wp:paragraph --><\/p>\n","protected":false},"featured_media":10479,"template":"","meta":{"inline_featured_image":false},"product_brand":[],"product_cat":[114,153,398,399,105],"product_tag":[402,404,403],"class_list":{"0":"post-10507","1":"product","2":"type-product","3":"status-publish","4":"has-post-thumbnail","6":"product_cat-controller-for-gas-detectors","7":"product_cat-not-ex-areas-safe-area-en","8":"product_cat-parking-garages-underground-garages","9":"product_cat-safepark-en","10":"product_cat-toxic-gases-en","11":"product_tag-control-and-evaluation-unit-for-addressable-gas-warning-systems-in-parking-garages","12":"product_tag-parking-decks-compliant-with-en-50545-1-for-up-to-32-addressable-gas-sensors","13":"product_tag-underground-garages","15":"first","16":"instock","17":"shipping-taxable","18":"product-type-simple"},"yoast_head":"<!-- This site is optimized with the Yoast SEO Premium plugin v27.4 (Yoast SEO v27.4) - https:\/\/yoast.com\/product\/yoast-seo-premium-wordpress\/ -->\n<title>SafePark GATEWAY-C+6 - Bieler+Lang<\/title>\n<meta name=\"description\" content=\"Addressable gas detection computer SafePark GATEWAY-C+6 Wi-Fi function for use in parking garages, underground garages, parking decks in accordance with EN 50545-1:2011,EN 50271:2018\" \/>\n<meta name=\"robots\" content=\"index, follow, max-snippet:-1, max-image-preview:large, max-video-preview:-1\" \/>\n<link rel=\"canonical\" href=\"https:\/\/bieler-lang.de\/en\/product\/safepark-gateway-c6\/\" \/>\n<meta property=\"og:locale\" content=\"en_US\" \/>\n<meta property=\"og:type\" content=\"article\" \/>\n<meta property=\"og:title\" content=\"SafePark GATEWAY-C+6\" \/>\n<meta property=\"og:description\" content=\"Addressable gas detection computer SafePark GATEWAY-C+6 Wi-Fi function for use in parking garages, underground garages, parking decks in accordance with EN 50545-1:2011,EN 50271:2018\" \/>\n<meta property=\"og:url\" content=\"https:\/\/bieler-lang.de\/en\/product\/safepark-gateway-c6\/\" \/>\n<meta property=\"og:site_name\" content=\"Bieler+Lang\" \/>\n<meta property=\"article:publisher\" content=\"https:\/\/www.facebook.com\/profile.php?id=61560570132188\" \/>\n<meta property=\"article:modified_time\" content=\"2026-03-31T08:21:32+00:00\" \/>\n<meta property=\"og:image\" content=\"https:\/\/bieler-lang.de\/blcontent\/uploads\/2026\/02\/SafePark_GATEWAY-C6_BielerLang_Parkhaus_Gaswarnanlage_digitales_2-Draht-BUS-Auswertegeraet_bis_128_Messtellen_fuer_DIN-Schiene_Frontalansicht_240226.jpg\" \/>\n\t<meta property=\"og:image:width\" content=\"2400\" \/>\n\t<meta property=\"og:image:height\" content=\"2160\" \/>\n\t<meta property=\"og:image:type\" content=\"image\/jpeg\" \/>\n<meta name=\"twitter:card\" content=\"summary_large_image\" \/>\n<meta name=\"twitter:label1\" content=\"Est. reading time\" \/>\n\t<meta name=\"twitter:data1\" content=\"4 minutes\" \/>\n<script type=\"application\/ld+json\" class=\"yoast-schema-graph\">{\"@context\":\"https:\\\/\\\/schema.org\",\"@graph\":[{\"@type\":\"WebPage\",\"@id\":\"https:\\\/\\\/bieler-lang.de\\\/en\\\/product\\\/safepark-gateway-c6\\\/\",\"url\":\"https:\\\/\\\/bieler-lang.de\\\/en\\\/product\\\/safepark-gateway-c6\\\/\",\"name\":\"SafePark GATEWAY-C+6 - Bieler+Lang\",\"isPartOf\":{\"@id\":\"https:\\\/\\\/bieler-lang.de\\\/#website\"},\"primaryImageOfPage\":{\"@id\":\"https:\\\/\\\/bieler-lang.de\\\/en\\\/product\\\/safepark-gateway-c6\\\/#primaryimage\"},\"image\":{\"@id\":\"https:\\\/\\\/bieler-lang.de\\\/en\\\/product\\\/safepark-gateway-c6\\\/#primaryimage\"},\"thumbnailUrl\":\"https:\\\/\\\/bieler-lang.de\\\/blcontent\\\/uploads\\\/2026\\\/02\\\/SafePark_GATEWAY-C6_BielerLang_Parkhaus_Gaswarnanlage_digitales_2-Draht-BUS-Auswertegeraet_bis_128_Messtellen_fuer_DIN-Schiene_Frontalansicht_240226.jpg\",\"datePublished\":\"2026-02-26T16:13:11+00:00\",\"dateModified\":\"2026-03-31T08:21:32+00:00\",\"description\":\"Addressable gas detection computer SafePark GATEWAY-C+6 Wi-Fi function for use in parking garages, underground garages, parking decks in accordance with EN 50545-1:2011,EN 50271:2018\",\"breadcrumb\":{\"@id\":\"https:\\\/\\\/bieler-lang.de\\\/en\\\/product\\\/safepark-gateway-c6\\\/#breadcrumb\"},\"inLanguage\":\"en-US\",\"potentialAction\":[{\"@type\":\"ReadAction\",\"target\":[\"https:\\\/\\\/bieler-lang.de\\\/en\\\/product\\\/safepark-gateway-c6\\\/\"]}]},{\"@type\":\"ImageObject\",\"inLanguage\":\"en-US\",\"@id\":\"https:\\\/\\\/bieler-lang.de\\\/en\\\/product\\\/safepark-gateway-c6\\\/#primaryimage\",\"url\":\"https:\\\/\\\/bieler-lang.de\\\/blcontent\\\/uploads\\\/2026\\\/02\\\/SafePark_GATEWAY-C6_BielerLang_Parkhaus_Gaswarnanlage_digitales_2-Draht-BUS-Auswertegeraet_bis_128_Messtellen_fuer_DIN-Schiene_Frontalansicht_240226.jpg\",\"contentUrl\":\"https:\\\/\\\/bieler-lang.de\\\/blcontent\\\/uploads\\\/2026\\\/02\\\/SafePark_GATEWAY-C6_BielerLang_Parkhaus_Gaswarnanlage_digitales_2-Draht-BUS-Auswertegeraet_bis_128_Messtellen_fuer_DIN-Schiene_Frontalansicht_240226.jpg\",\"width\":2400,\"height\":2160,\"caption\":\"SafePark_GATEWAY-C+6_Bieler+Lang_Parkhaus_Gaswarnanlage_digitales_2-Draht-BUS-Auswerteger\u00e4t_f\u00fcr bis zu 128_Messtellen_f\u00fcr_DIN-Schiene_Frontalansicht\"},{\"@type\":\"BreadcrumbList\",\"@id\":\"https:\\\/\\\/bieler-lang.de\\\/en\\\/product\\\/safepark-gateway-c6\\\/#breadcrumb\",\"itemListElement\":[{\"@type\":\"ListItem\",\"position\":1,\"name\":\"Home\",\"item\":\"https:\\\/\\\/bieler-lang.de\\\/en\\\/\"},{\"@type\":\"ListItem\",\"position\":2,\"name\":\"SafePark GATEWAY-C+6\"}]},{\"@type\":\"WebSite\",\"@id\":\"https:\\\/\\\/bieler-lang.de\\\/#website\",\"url\":\"https:\\\/\\\/bieler-lang.de\\\/\",\"name\":\"Bieler+Lang\",\"description\":\"Eine weitere WordPress-Website\",\"potentialAction\":[{\"@type\":\"SearchAction\",\"target\":{\"@type\":\"EntryPoint\",\"urlTemplate\":\"https:\\\/\\\/bieler-lang.de\\\/?s={search_term_string}\"},\"query-input\":{\"@type\":\"PropertyValueSpecification\",\"valueRequired\":true,\"valueName\":\"search_term_string\"}}],\"inLanguage\":\"en-US\"}]}<\/script>\n<!-- \/ Yoast SEO Premium plugin. -->","yoast_head_json":{"title":"SafePark GATEWAY-C+6 - Bieler+Lang","description":"Addressable gas detection computer SafePark GATEWAY-C+6 Wi-Fi function for use in parking garages, underground garages, parking decks in accordance with EN 50545-1:2011,EN 50271:2018","robots":{"index":"index","follow":"follow","max-snippet":"max-snippet:-1","max-image-preview":"max-image-preview:large","max-video-preview":"max-video-preview:-1"},"canonical":"https:\/\/bieler-lang.de\/en\/product\/safepark-gateway-c6\/","og_locale":"en_US","og_type":"article","og_title":"SafePark GATEWAY-C+6","og_description":"Addressable gas detection computer SafePark GATEWAY-C+6 Wi-Fi function for use in parking garages, underground garages, parking decks in accordance with EN 50545-1:2011,EN 50271:2018","og_url":"https:\/\/bieler-lang.de\/en\/product\/safepark-gateway-c6\/","og_site_name":"Bieler+Lang","article_publisher":"https:\/\/www.facebook.com\/profile.php?id=61560570132188","article_modified_time":"2026-03-31T08:21:32+00:00","og_image":[{"width":2400,"height":2160,"url":"https:\/\/bieler-lang.de\/blcontent\/uploads\/2026\/02\/SafePark_GATEWAY-C6_BielerLang_Parkhaus_Gaswarnanlage_digitales_2-Draht-BUS-Auswertegeraet_bis_128_Messtellen_fuer_DIN-Schiene_Frontalansicht_240226.jpg","type":"image\/jpeg"}],"twitter_card":"summary_large_image","twitter_misc":{"Est. reading time":"4 minutes"},"schema":{"@context":"https:\/\/schema.org","@graph":[{"@type":"WebPage","@id":"https:\/\/bieler-lang.de\/en\/product\/safepark-gateway-c6\/","url":"https:\/\/bieler-lang.de\/en\/product\/safepark-gateway-c6\/","name":"SafePark GATEWAY-C+6 - Bieler+Lang","isPartOf":{"@id":"https:\/\/bieler-lang.de\/#website"},"primaryImageOfPage":{"@id":"https:\/\/bieler-lang.de\/en\/product\/safepark-gateway-c6\/#primaryimage"},"image":{"@id":"https:\/\/bieler-lang.de\/en\/product\/safepark-gateway-c6\/#primaryimage"},"thumbnailUrl":"https:\/\/bieler-lang.de\/blcontent\/uploads\/2026\/02\/SafePark_GATEWAY-C6_BielerLang_Parkhaus_Gaswarnanlage_digitales_2-Draht-BUS-Auswertegeraet_bis_128_Messtellen_fuer_DIN-Schiene_Frontalansicht_240226.jpg","datePublished":"2026-02-26T16:13:11+00:00","dateModified":"2026-03-31T08:21:32+00:00","description":"Addressable gas detection computer SafePark GATEWAY-C+6 Wi-Fi function for use in parking garages, underground garages, parking decks in accordance with EN 50545-1:2011,EN 50271:2018","breadcrumb":{"@id":"https:\/\/bieler-lang.de\/en\/product\/safepark-gateway-c6\/#breadcrumb"},"inLanguage":"en-US","potentialAction":[{"@type":"ReadAction","target":["https:\/\/bieler-lang.de\/en\/product\/safepark-gateway-c6\/"]}]},{"@type":"ImageObject","inLanguage":"en-US","@id":"https:\/\/bieler-lang.de\/en\/product\/safepark-gateway-c6\/#primaryimage","url":"https:\/\/bieler-lang.de\/blcontent\/uploads\/2026\/02\/SafePark_GATEWAY-C6_BielerLang_Parkhaus_Gaswarnanlage_digitales_2-Draht-BUS-Auswertegeraet_bis_128_Messtellen_fuer_DIN-Schiene_Frontalansicht_240226.jpg","contentUrl":"https:\/\/bieler-lang.de\/blcontent\/uploads\/2026\/02\/SafePark_GATEWAY-C6_BielerLang_Parkhaus_Gaswarnanlage_digitales_2-Draht-BUS-Auswertegeraet_bis_128_Messtellen_fuer_DIN-Schiene_Frontalansicht_240226.jpg","width":2400,"height":2160,"caption":"SafePark_GATEWAY-C+6_Bieler+Lang_Parkhaus_Gaswarnanlage_digitales_2-Draht-BUS-Auswerteger\u00e4t_f\u00fcr bis zu 128_Messtellen_f\u00fcr_DIN-Schiene_Frontalansicht"},{"@type":"BreadcrumbList","@id":"https:\/\/bieler-lang.de\/en\/product\/safepark-gateway-c6\/#breadcrumb","itemListElement":[{"@type":"ListItem","position":1,"name":"Home","item":"https:\/\/bieler-lang.de\/en\/"},{"@type":"ListItem","position":2,"name":"SafePark GATEWAY-C+6"}]},{"@type":"WebSite","@id":"https:\/\/bieler-lang.de\/#website","url":"https:\/\/bieler-lang.de\/","name":"Bieler+Lang","description":"Eine weitere WordPress-Website","potentialAction":[{"@type":"SearchAction","target":{"@type":"EntryPoint","urlTemplate":"https:\/\/bieler-lang.de\/?s={search_term_string}"},"query-input":{"@type":"PropertyValueSpecification","valueRequired":true,"valueName":"search_term_string"}}],"inLanguage":"en-US"}]}},"_links":{"self":[{"href":"https:\/\/bieler-lang.de\/en\/wp-json\/wp\/v2\/product\/10507","targetHints":{"allow":["GET"]}}],"collection":[{"href":"https:\/\/bieler-lang.de\/en\/wp-json\/wp\/v2\/product"}],"about":[{"href":"https:\/\/bieler-lang.de\/en\/wp-json\/wp\/v2\/types\/product"}],"wp:featuredmedia":[{"embeddable":true,"href":"https:\/\/bieler-lang.de\/en\/wp-json\/wp\/v2\/media\/10479"}],"wp:attachment":[{"href":"https:\/\/bieler-lang.de\/en\/wp-json\/wp\/v2\/media?parent=10507"}],"wp:term":[{"taxonomy":"product_brand","embeddable":true,"href":"https:\/\/bieler-lang.de\/en\/wp-json\/wp\/v2\/product_brand?post=10507"},{"taxonomy":"product_cat","embeddable":true,"href":"https:\/\/bieler-lang.de\/en\/wp-json\/wp\/v2\/product_cat?post=10507"},{"taxonomy":"product_tag","embeddable":true,"href":"https:\/\/bieler-lang.de\/en\/wp-json\/wp\/v2\/product_tag?post=10507"}],"curies":[{"name":"wp","href":"https:\/\/api.w.org\/{rel}","templated":true}]}}