{"id":6840,"date":"2025-06-13T15:37:33","date_gmt":"2025-06-13T13:37:33","guid":{"rendered":"https:\/\/bieler-lang.de\/?post_type=product&#038;p=6840"},"modified":"2025-09-22T11:33:59","modified_gmt":"2025-09-22T09:33:59","slug":"gmc-ecoline-8304","status":"publish","type":"product","link":"https:\/\/bieler-lang.de\/en\/product\/gmc-ecoline-8304\/","title":{"rendered":"GMC Ecoline 8304"},"content":{"rendered":"<p>The <strong>GMC Ecoline system<\/strong> is a compact gas detection system for private and public buildings.<\/p>\n<p>It can be used in schools, youth and retirement homes and kindergartens, for example, but can also be used in private homes or smaller commercial buildings.<\/p>\n<p>The <strong>GMC Ecoline system<\/strong> is designed for the reliable detection of natural gas or liquid gas (LPG\/butane). Up to 4 danger zones can be monitored with 4 separate sensors.<\/p>\n<p>In the event of an alarm, the central evaluation unit switches the technical safety measures via relay outputs and closes a connected solenoid valve in the gas supply line. An integrated buzzer sounds an acoustic alarm.<\/p>\n<p>&nbsp;<\/p>\n<h6>Security for private and public buildings: Our Ecoline with functional certificate from T\u00dcV.<\/h6>\n<p>&nbsp;<\/p>\n<p>This gas warning device complies with the European standard for protection against escaping gases in public buildings, such as schools, youth and retirement homes, kindergartens, as well as private homes and smaller commercial buildings. The device is designed for the reliable detection of natural gas or liquid gas (LPG\/butane). Up to four danger zones can be monitored. In the event of an alarm, the evaluation center switches the technical safety measures via relay outputs and closes a connected solenoid valve in the gas supply line. An integrated buzzer provides an acoustic alarm.<\/p>\n<p>The design of this new gas warning system is based on worksheet G110 of the DVGW (German Technical and Scientific Association for Gas and Water). Its central statement regarding the use of a gas warning system is that it must be tested by a notified body in accordance with DIN EN 50194.<\/p>\n<p>&nbsp;<\/p>\n<h6>Features of the GMC Ecoline 8304:<\/h6>\n<ul>\n<li>for up to 4 <strong>GM Ecoline HC50 <\/strong> gas sensors (4 &#8211; 20 mA)<\/li>\n<li>2 Alarm thresholds<\/li>\n<li>Built-in alarm transmitter<\/li>\n<li>Measured value display<\/li>\n<li>Potential-free changeover contacts for all alarm thresholds<\/li>\n<li>Photo mos relay for connection to any building management system<\/li>\n<li>Simple installation and operation<\/li>\n<li>Functional report according to DIN EN 50194:T\u00dcV S\u00fcd Automotive GmbH, report BA68851T<\/li>\n<\/ul>\n<p>&nbsp;<\/p>\n<h6><span style=\"color: #009bd3; font-family: Rubik; font-size: calc(13px + 0.3125vw);\">Available accessories:<\/span><\/h6>\n<ul>\n<li>Gas sensor type <strong>GM Ecoline HC50<\/strong><\/li>\n<li>Horns<\/li>\n<li>Warning lights<\/li>\n<li>Solenoid valves<\/li>\n<\/ul>\n","protected":false},"excerpt":{"rendered":"<p>The evaluation unit for the <strong>&#8220;Ecoline&#8221;<\/strong> system for use in building services. The <strong>&#8220;Ecoline&#8221;<\/strong> system from Bieler + Lang was developed for private and public buildings in accordance with DVGW requirements.<\/p>\n<p>It reacts to even low concentrations of flammable gases, e.g. natural gas or liquid gas. In the event of an alarm, the built-in buzzer sounds and the connected safety valves or other safety measures are activated.<\/p>\n<p>This creates active protection that protects people in public buildings, but also lets you and your family sleep safely in your own home.<\/p>\n<h6>Special features of the GMC Ecoline 8304:<\/h6>\n<ul>\n<li>Functional expertise<\/li>\n<li>Quick wall mounting<\/li>\n<li>Measured value display<\/li>\n<li>Up to 4 measuring points with GM Ecoline HC 50 sensor<\/li>\n<li>Alarm via built-in signal transmitter<\/li>\n<li>Simple operation<\/li>\n<\/ul>\n<h6>Our quality standards:<\/h6>\n<ul>\n<li>Solid and proven device design<\/li>\n<li>Very durable with low maintenance costs<\/li>\n<li>Developed and manufactured in Germany<\/li>\n<\/ul>\n<p>&nbsp;<\/p>\n<p>&nbsp;<\/p>\n","protected":false},"featured_media":1513,"template":"","meta":{"inline_featured_image":false},"product_brand":[],"product_cat":[152,114,153],"product_tag":[226,231,230,229,228,227],"class_list":{"0":"post-6840","1":"product","2":"type-product","3":"status-publish","4":"has-post-thumbnail","6":"product_cat-boiler-room-heating-en","7":"product_cat-controller-for-gas-detectors","8":"product_cat-not-ex-areas-safe-area-en","9":"product_tag-4-messkanaele-en","10":"product_tag-c3h8-propan-en","11":"product_tag-c4h10-butan","12":"product_tag-liquefied-petroleum-gas","13":"product_tag-lpg-en","14":"product_tag-natural-gas-en","16":"first","17":"instock","18":"shipping-taxable","19":"product-type-simple"},"yoast_head":"<!-- This site is optimized with the Yoast SEO Premium plugin v27.4 (Yoast SEO v27.4) - https:\/\/yoast.com\/product\/yoast-seo-premium-wordpress\/ -->\n<title>GMC Ecoline 8304 - Bieler+Lang<\/title>\n<meta name=\"robots\" content=\"index, follow, max-snippet:-1, max-image-preview:large, max-video-preview:-1\" \/>\n<link rel=\"canonical\" href=\"https:\/\/bieler-lang.de\/en\/product\/gmc-ecoline-8304\/\" \/>\n<meta property=\"og:locale\" content=\"en_US\" \/>\n<meta property=\"og:type\" content=\"article\" \/>\n<meta property=\"og:title\" content=\"GMC Ecoline 8304\" \/>\n<meta property=\"og:description\" content=\"The evaluation unit for the &quot;Ecoline&quot; system for use in building services. The &quot;Ecoline&quot; system from Bieler + Lang was developed for private and public buildings in accordance with DVGW requirements.  It reacts to even low concentrations of flammable gases, e.g. natural gas or liquid gas. In the event of an alarm, the built-in buzzer sounds and the connected safety valves or other safety measures are activated.  This creates active protection that protects people in public buildings, but also lets you and your family sleep safely in your own home. Special features of the GMC Ecoline 8304:   Functional expertise  Quick wall mounting  Measured value display  Up to 4 measuring points with GM Ecoline HC 50 sensor  Alarm via built-in signal transmitter  Simple operation  Our quality standards:   Solid and proven device design  Very durable with low maintenance costs  Developed and manufactured in Germany  &nbsp;  &nbsp;\" \/>\n<meta property=\"og:url\" content=\"https:\/\/bieler-lang.de\/en\/product\/gmc-ecoline-8304\/\" \/>\n<meta property=\"og:site_name\" content=\"Bieler+Lang\" \/>\n<meta property=\"article:publisher\" content=\"https:\/\/www.facebook.com\/profile.php?id=61560570132188\" \/>\n<meta property=\"article:modified_time\" content=\"2025-09-22T09:33:59+00:00\" \/>\n<meta property=\"og:image\" content=\"https:\/\/bieler-lang.de\/blcontent\/uploads\/2020\/09\/BL_GMC-Ecoline_01.jpg\" \/>\n\t<meta property=\"og:image:width\" content=\"1200\" \/>\n\t<meta property=\"og:image:height\" content=\"1080\" \/>\n\t<meta property=\"og:image:type\" content=\"image\/jpeg\" \/>\n<meta name=\"twitter:card\" content=\"summary_large_image\" \/>\n<meta name=\"twitter:label1\" content=\"Est. reading time\" \/>\n\t<meta name=\"twitter:data1\" content=\"2 minutes\" \/>\n<script type=\"application\/ld+json\" class=\"yoast-schema-graph\">{\"@context\":\"https:\\\/\\\/schema.org\",\"@graph\":[{\"@type\":\"WebPage\",\"@id\":\"https:\\\/\\\/bieler-lang.de\\\/en\\\/product\\\/gmc-ecoline-8304\\\/\",\"url\":\"https:\\\/\\\/bieler-lang.de\\\/en\\\/product\\\/gmc-ecoline-8304\\\/\",\"name\":\"GMC Ecoline 8304 - Bieler+Lang\",\"isPartOf\":{\"@id\":\"https:\\\/\\\/bieler-lang.de\\\/#website\"},\"primaryImageOfPage\":{\"@id\":\"https:\\\/\\\/bieler-lang.de\\\/en\\\/product\\\/gmc-ecoline-8304\\\/#primaryimage\"},\"image\":{\"@id\":\"https:\\\/\\\/bieler-lang.de\\\/en\\\/product\\\/gmc-ecoline-8304\\\/#primaryimage\"},\"thumbnailUrl\":\"https:\\\/\\\/bieler-lang.de\\\/blcontent\\\/uploads\\\/2020\\\/09\\\/BL_GMC-Ecoline_01.jpg\",\"datePublished\":\"2025-06-13T13:37:33+00:00\",\"dateModified\":\"2025-09-22T09:33:59+00:00\",\"breadcrumb\":{\"@id\":\"https:\\\/\\\/bieler-lang.de\\\/en\\\/product\\\/gmc-ecoline-8304\\\/#breadcrumb\"},\"inLanguage\":\"en-US\",\"potentialAction\":[{\"@type\":\"ReadAction\",\"target\":[\"https:\\\/\\\/bieler-lang.de\\\/en\\\/product\\\/gmc-ecoline-8304\\\/\"]}]},{\"@type\":\"ImageObject\",\"inLanguage\":\"en-US\",\"@id\":\"https:\\\/\\\/bieler-lang.de\\\/en\\\/product\\\/gmc-ecoline-8304\\\/#primaryimage\",\"url\":\"https:\\\/\\\/bieler-lang.de\\\/blcontent\\\/uploads\\\/2020\\\/09\\\/BL_GMC-Ecoline_01.jpg\",\"contentUrl\":\"https:\\\/\\\/bieler-lang.de\\\/blcontent\\\/uploads\\\/2020\\\/09\\\/BL_GMC-Ecoline_01.jpg\",\"width\":1200,\"height\":1080,\"caption\":\"B+L_GMC-Ecoline_System_Erdgas_Fl\u00fcssiggas\u00fc+berwachung_mit 4 Messf\u00fchlern.\"},{\"@type\":\"BreadcrumbList\",\"@id\":\"https:\\\/\\\/bieler-lang.de\\\/en\\\/product\\\/gmc-ecoline-8304\\\/#breadcrumb\",\"itemListElement\":[{\"@type\":\"ListItem\",\"position\":1,\"name\":\"Home\",\"item\":\"https:\\\/\\\/bieler-lang.de\\\/en\\\/\"},{\"@type\":\"ListItem\",\"position\":2,\"name\":\"GMC Ecoline 8304\"}]},{\"@type\":\"WebSite\",\"@id\":\"https:\\\/\\\/bieler-lang.de\\\/#website\",\"url\":\"https:\\\/\\\/bieler-lang.de\\\/\",\"name\":\"Bieler+Lang\",\"description\":\"Eine weitere WordPress-Website\",\"potentialAction\":[{\"@type\":\"SearchAction\",\"target\":{\"@type\":\"EntryPoint\",\"urlTemplate\":\"https:\\\/\\\/bieler-lang.de\\\/?s={search_term_string}\"},\"query-input\":{\"@type\":\"PropertyValueSpecification\",\"valueRequired\":true,\"valueName\":\"search_term_string\"}}],\"inLanguage\":\"en-US\"}]}<\/script>\n<!-- \/ Yoast SEO Premium plugin. -->","yoast_head_json":{"title":"GMC Ecoline 8304 - Bieler+Lang","robots":{"index":"index","follow":"follow","max-snippet":"max-snippet:-1","max-image-preview":"max-image-preview:large","max-video-preview":"max-video-preview:-1"},"canonical":"https:\/\/bieler-lang.de\/en\/product\/gmc-ecoline-8304\/","og_locale":"en_US","og_type":"article","og_title":"GMC Ecoline 8304","og_description":"The evaluation unit for the \"Ecoline\" system for use in building services. The \"Ecoline\" system from Bieler + Lang was developed for private and public buildings in accordance with DVGW requirements.  It reacts to even low concentrations of flammable gases, e.g. natural gas or liquid gas. In the event of an alarm, the built-in buzzer sounds and the connected safety valves or other safety measures are activated.  This creates active protection that protects people in public buildings, but also lets you and your family sleep safely in your own home. Special features of the GMC Ecoline 8304:   Functional expertise  Quick wall mounting  Measured value display  Up to 4 measuring points with GM Ecoline HC 50 sensor  Alarm via built-in signal transmitter  Simple operation  Our quality standards:   Solid and proven device design  Very durable with low maintenance costs  Developed and manufactured in Germany  &nbsp;  &nbsp;","og_url":"https:\/\/bieler-lang.de\/en\/product\/gmc-ecoline-8304\/","og_site_name":"Bieler+Lang","article_publisher":"https:\/\/www.facebook.com\/profile.php?id=61560570132188","article_modified_time":"2025-09-22T09:33:59+00:00","og_image":[{"width":1200,"height":1080,"url":"https:\/\/bieler-lang.de\/blcontent\/uploads\/2020\/09\/BL_GMC-Ecoline_01.jpg","type":"image\/jpeg"}],"twitter_card":"summary_large_image","twitter_misc":{"Est. reading time":"2 minutes"},"schema":{"@context":"https:\/\/schema.org","@graph":[{"@type":"WebPage","@id":"https:\/\/bieler-lang.de\/en\/product\/gmc-ecoline-8304\/","url":"https:\/\/bieler-lang.de\/en\/product\/gmc-ecoline-8304\/","name":"GMC Ecoline 8304 - Bieler+Lang","isPartOf":{"@id":"https:\/\/bieler-lang.de\/#website"},"primaryImageOfPage":{"@id":"https:\/\/bieler-lang.de\/en\/product\/gmc-ecoline-8304\/#primaryimage"},"image":{"@id":"https:\/\/bieler-lang.de\/en\/product\/gmc-ecoline-8304\/#primaryimage"},"thumbnailUrl":"https:\/\/bieler-lang.de\/blcontent\/uploads\/2020\/09\/BL_GMC-Ecoline_01.jpg","datePublished":"2025-06-13T13:37:33+00:00","dateModified":"2025-09-22T09:33:59+00:00","breadcrumb":{"@id":"https:\/\/bieler-lang.de\/en\/product\/gmc-ecoline-8304\/#breadcrumb"},"inLanguage":"en-US","potentialAction":[{"@type":"ReadAction","target":["https:\/\/bieler-lang.de\/en\/product\/gmc-ecoline-8304\/"]}]},{"@type":"ImageObject","inLanguage":"en-US","@id":"https:\/\/bieler-lang.de\/en\/product\/gmc-ecoline-8304\/#primaryimage","url":"https:\/\/bieler-lang.de\/blcontent\/uploads\/2020\/09\/BL_GMC-Ecoline_01.jpg","contentUrl":"https:\/\/bieler-lang.de\/blcontent\/uploads\/2020\/09\/BL_GMC-Ecoline_01.jpg","width":1200,"height":1080,"caption":"B+L_GMC-Ecoline_System_Erdgas_Fl\u00fcssiggas\u00fc+berwachung_mit 4 Messf\u00fchlern."},{"@type":"BreadcrumbList","@id":"https:\/\/bieler-lang.de\/en\/product\/gmc-ecoline-8304\/#breadcrumb","itemListElement":[{"@type":"ListItem","position":1,"name":"Home","item":"https:\/\/bieler-lang.de\/en\/"},{"@type":"ListItem","position":2,"name":"GMC Ecoline 8304"}]},{"@type":"WebSite","@id":"https:\/\/bieler-lang.de\/#website","url":"https:\/\/bieler-lang.de\/","name":"Bieler+Lang","description":"Eine weitere WordPress-Website","potentialAction":[{"@type":"SearchAction","target":{"@type":"EntryPoint","urlTemplate":"https:\/\/bieler-lang.de\/?s={search_term_string}"},"query-input":{"@type":"PropertyValueSpecification","valueRequired":true,"valueName":"search_term_string"}}],"inLanguage":"en-US"}]}},"_links":{"self":[{"href":"https:\/\/bieler-lang.de\/en\/wp-json\/wp\/v2\/product\/6840","targetHints":{"allow":["GET"]}}],"collection":[{"href":"https:\/\/bieler-lang.de\/en\/wp-json\/wp\/v2\/product"}],"about":[{"href":"https:\/\/bieler-lang.de\/en\/wp-json\/wp\/v2\/types\/product"}],"wp:featuredmedia":[{"embeddable":true,"href":"https:\/\/bieler-lang.de\/en\/wp-json\/wp\/v2\/media\/1513"}],"wp:attachment":[{"href":"https:\/\/bieler-lang.de\/en\/wp-json\/wp\/v2\/media?parent=6840"}],"wp:term":[{"taxonomy":"product_brand","embeddable":true,"href":"https:\/\/bieler-lang.de\/en\/wp-json\/wp\/v2\/product_brand?post=6840"},{"taxonomy":"product_cat","embeddable":true,"href":"https:\/\/bieler-lang.de\/en\/wp-json\/wp\/v2\/product_cat?post=6840"},{"taxonomy":"product_tag","embeddable":true,"href":"https:\/\/bieler-lang.de\/en\/wp-json\/wp\/v2\/product_tag?post=6840"}],"curies":[{"name":"wp","href":"https:\/\/api.w.org\/{rel}","templated":true}]}}