{"id":7549,"date":"2024-11-22T18:36:49","date_gmt":"2024-11-22T17:36:49","guid":{"rendered":"https:\/\/bieler-lang.de\/product\/gmc-650\/"},"modified":"2026-04-28T11:45:51","modified_gmt":"2026-04-28T09:45:51","slug":"gmc-650","status":"publish","type":"product","link":"https:\/\/bieler-lang.de\/en\/product\/gmc-650\/","title":{"rendered":"GMC 650"},"content":{"rendered":"\r\n<p>The <strong>GMC 650<\/strong> is a comprehensive evaluation system with a small display with intuitive color change and a <strong>jog wheel<\/strong> for controlling measuring points and warning devices.<\/p>\r\n\r\n\r\n\r\n<p>New measuring devices such as the<strong> ExDetector X5<\/strong> (see above) are connected to the GMC 650 via a <strong>BUS system <\/strong>.<\/p>\r\n\r\n\r\n\r\n<p>The GMC 650 then automatically recognizes new sensors in the BUS system.<\/p>\r\n\r\n\r\n\r\n<p>Connection via <strong>WiFi<\/strong> possible.<\/p>\r\n\r\n\r\n\r\n<p>In total, the <strong>GMC 650<\/strong> can manage up to <strong>350 devices<\/strong> and <strong>128 measuring points<\/strong>. The cables for this no longer have to be laid in a star shape. This is sure to please your budget.<\/p>\r\n\r\n\r\n\r\n<p>If you want to operate the comprehensive functions via a large screen: The <strong>GMC 750<\/strong> is our upmarket and more convenient version.<\/p>\r\n","protected":false},"excerpt":{"rendered":"<p><!-- wp:paragraph --><\/p>\n<p>The <strong>GMC 650<\/strong> is a comprehensive evaluation system with a small display with intuitive color change and a <strong>jog wheel<\/strong> for controlling measuring points and warning devices.<\/p>\n<p><!-- \/wp:paragraph --><\/p>\n<p><!-- wp:paragraph --><\/p>\n<p>New measuring devices such as the<strong> ExDetector X5<\/strong> (see above) are connected to the GMC 650 via a <strong>BUS system <\/strong>.<\/p>\n<p><!-- \/wp:paragraph --><\/p>\n<p><!-- wp:paragraph --><\/p>\n<p>The GMC 650 then automatically recognizes new sensors in the BUS system.<\/p>\n<p><!-- \/wp:paragraph --><\/p>\n<p><!-- wp:paragraph --><\/p>\n<p>Connection via <strong>WiFi<\/strong> possible.<\/p>\n<p><!-- \/wp:paragraph --><\/p>\n<p><!-- wp:paragraph --><\/p>\n<p>In total, the <strong>GMC 650<\/strong> can manage up to <strong>350 devices<\/strong> and <strong>128 measuring points<\/strong>. The cables for this no longer have to be laid in a star shape. This is sure to please your budget.<\/p>\n<p><!-- \/wp:paragraph --><\/p>\n<p><!-- wp:paragraph --><\/p>\n<p>If you want to operate the comprehensive functions via a large screen: The <strong>GMC 750<\/strong> is our upmarket and more convenient version.<\/p>\n<p><!-- \/wp:paragraph --><\/p>\n","protected":false},"featured_media":4002,"template":"","meta":{"inline_featured_image":false},"product_brand":[],"product_cat":[102,114,100,101,111,108,109,219,220,110,103,218],"product_tag":[],"class_list":{"0":"post-7549","1":"product","2":"type-product","3":"status-publish","4":"has-post-thumbnail","6":"product_cat-atex-en","7":"product_cat-controller-for-gas-detectors","8":"product_cat-ex-zone-1-en","9":"product_cat-ex-zone-2-en","10":"product_cat-hazardous-goods-storage","11":"product_cat-hydrogen-economy-h2-en","12":"product_cat-laboratories-en","13":"product_cat-lpg-lng-cng-en","14":"product_cat-paintwork-colours-en","15":"product_cat-sewage-treatment-plant-en","16":"product_cat-sil-en","17":"product_cat-zones-areas-en","19":"first","20":"instock","21":"shipping-taxable","22":"product-type-simple"},"yoast_head":"<!-- This site is optimized with the Yoast SEO Premium plugin v27.4 (Yoast SEO v27.4) - https:\/\/yoast.com\/product\/yoast-seo-premium-wordpress\/ -->\n<title>Gas Monitoring System | GMC-650 Controller<\/title>\n<meta name=\"description\" content=\"Gas monitoring system GMC-650 for multi-channel detection. Modular design for flexible safety configurations. Ensure safety with expert systems.\" \/>\n<meta name=\"robots\" content=\"index, follow, max-snippet:-1, max-image-preview:large, max-video-preview:-1\" \/>\n<link rel=\"canonical\" href=\"https:\/\/bieler-lang.de\/en\/product\/gmc-650\/\" \/>\n<meta property=\"og:locale\" content=\"en_US\" \/>\n<meta property=\"og:type\" content=\"article\" \/>\n<meta property=\"og:title\" content=\"GMC 650\" \/>\n<meta property=\"og:description\" content=\"Gas monitoring system GMC-650 for multi-channel detection. Modular design for flexible safety configurations. Ensure safety with expert systems.\" \/>\n<meta property=\"og:url\" content=\"https:\/\/bieler-lang.de\/en\/product\/gmc-650\/\" \/>\n<meta property=\"og:site_name\" content=\"Bieler+Lang\" \/>\n<meta property=\"article:publisher\" content=\"https:\/\/www.facebook.com\/profile.php?id=61560570132188\" \/>\n<meta property=\"article:modified_time\" content=\"2026-04-28T09:45:51+00:00\" \/>\n<meta property=\"og:image\" content=\"https:\/\/bieler-lang.de\/blcontent\/uploads\/2024\/05\/BL_GMC650_.jpg\" \/>\n\t<meta property=\"og:image:width\" content=\"1200\" \/>\n\t<meta property=\"og:image:height\" content=\"1080\" \/>\n\t<meta property=\"og:image:type\" content=\"image\/jpeg\" \/>\n<meta name=\"twitter:card\" content=\"summary_large_image\" \/>\n<meta name=\"twitter:label1\" content=\"Est. reading time\" \/>\n\t<meta name=\"twitter:data1\" content=\"1 minute\" \/>\n<script type=\"application\/ld+json\" class=\"yoast-schema-graph\">{\"@context\":\"https:\\\/\\\/schema.org\",\"@graph\":[{\"@type\":\"WebPage\",\"@id\":\"https:\\\/\\\/bieler-lang.de\\\/en\\\/product\\\/gmc-650\\\/\",\"url\":\"https:\\\/\\\/bieler-lang.de\\\/en\\\/product\\\/gmc-650\\\/\",\"name\":\"Gas Monitoring System | GMC-650 Controller\",\"isPartOf\":{\"@id\":\"https:\\\/\\\/bieler-lang.de\\\/#website\"},\"primaryImageOfPage\":{\"@id\":\"https:\\\/\\\/bieler-lang.de\\\/en\\\/product\\\/gmc-650\\\/#primaryimage\"},\"image\":{\"@id\":\"https:\\\/\\\/bieler-lang.de\\\/en\\\/product\\\/gmc-650\\\/#primaryimage\"},\"thumbnailUrl\":\"https:\\\/\\\/bieler-lang.de\\\/blcontent\\\/uploads\\\/2024\\\/05\\\/BL_GMC650_.jpg\",\"datePublished\":\"2024-11-22T17:36:49+00:00\",\"dateModified\":\"2026-04-28T09:45:51+00:00\",\"description\":\"Gas monitoring system GMC-650 for multi-channel detection. Modular design for flexible safety configurations. Ensure safety with expert systems.\",\"breadcrumb\":{\"@id\":\"https:\\\/\\\/bieler-lang.de\\\/en\\\/product\\\/gmc-650\\\/#breadcrumb\"},\"inLanguage\":\"en-US\",\"potentialAction\":[{\"@type\":\"ReadAction\",\"target\":[\"https:\\\/\\\/bieler-lang.de\\\/en\\\/product\\\/gmc-650\\\/\"]}]},{\"@type\":\"ImageObject\",\"inLanguage\":\"en-US\",\"@id\":\"https:\\\/\\\/bieler-lang.de\\\/en\\\/product\\\/gmc-650\\\/#primaryimage\",\"url\":\"https:\\\/\\\/bieler-lang.de\\\/blcontent\\\/uploads\\\/2024\\\/05\\\/BL_GMC650_.jpg\",\"contentUrl\":\"https:\\\/\\\/bieler-lang.de\\\/blcontent\\\/uploads\\\/2024\\\/05\\\/BL_GMC650_.jpg\",\"width\":1200,\"height\":1080,\"caption\":\"Auswerteger\u00e4t und Controler f\u00fcr sehr gro\u00dfe digitale Gaswarneinrichtungen mit 2-Draht BUS-System\"},{\"@type\":\"BreadcrumbList\",\"@id\":\"https:\\\/\\\/bieler-lang.de\\\/en\\\/product\\\/gmc-650\\\/#breadcrumb\",\"itemListElement\":[{\"@type\":\"ListItem\",\"position\":1,\"name\":\"Home\",\"item\":\"https:\\\/\\\/bieler-lang.de\\\/en\\\/\"},{\"@type\":\"ListItem\",\"position\":2,\"name\":\"GMC 650\"}]},{\"@type\":\"WebSite\",\"@id\":\"https:\\\/\\\/bieler-lang.de\\\/#website\",\"url\":\"https:\\\/\\\/bieler-lang.de\\\/\",\"name\":\"Bieler+Lang\",\"description\":\"Eine weitere WordPress-Website\",\"potentialAction\":[{\"@type\":\"SearchAction\",\"target\":{\"@type\":\"EntryPoint\",\"urlTemplate\":\"https:\\\/\\\/bieler-lang.de\\\/?s={search_term_string}\"},\"query-input\":{\"@type\":\"PropertyValueSpecification\",\"valueRequired\":true,\"valueName\":\"search_term_string\"}}],\"inLanguage\":\"en-US\"}]}<\/script>\n<!-- \/ Yoast SEO Premium plugin. -->","yoast_head_json":{"title":"Gas Monitoring System | GMC-650 Controller","description":"Gas monitoring system GMC-650 for multi-channel detection. Modular design for flexible safety configurations. Ensure safety with expert systems.","robots":{"index":"index","follow":"follow","max-snippet":"max-snippet:-1","max-image-preview":"max-image-preview:large","max-video-preview":"max-video-preview:-1"},"canonical":"https:\/\/bieler-lang.de\/en\/product\/gmc-650\/","og_locale":"en_US","og_type":"article","og_title":"GMC 650","og_description":"Gas monitoring system GMC-650 for multi-channel detection. Modular design for flexible safety configurations. Ensure safety with expert systems.","og_url":"https:\/\/bieler-lang.de\/en\/product\/gmc-650\/","og_site_name":"Bieler+Lang","article_publisher":"https:\/\/www.facebook.com\/profile.php?id=61560570132188","article_modified_time":"2026-04-28T09:45:51+00:00","og_image":[{"width":1200,"height":1080,"url":"https:\/\/bieler-lang.de\/blcontent\/uploads\/2024\/05\/BL_GMC650_.jpg","type":"image\/jpeg"}],"twitter_card":"summary_large_image","twitter_misc":{"Est. reading time":"1 minute"},"schema":{"@context":"https:\/\/schema.org","@graph":[{"@type":"WebPage","@id":"https:\/\/bieler-lang.de\/en\/product\/gmc-650\/","url":"https:\/\/bieler-lang.de\/en\/product\/gmc-650\/","name":"Gas Monitoring System | GMC-650 Controller","isPartOf":{"@id":"https:\/\/bieler-lang.de\/#website"},"primaryImageOfPage":{"@id":"https:\/\/bieler-lang.de\/en\/product\/gmc-650\/#primaryimage"},"image":{"@id":"https:\/\/bieler-lang.de\/en\/product\/gmc-650\/#primaryimage"},"thumbnailUrl":"https:\/\/bieler-lang.de\/blcontent\/uploads\/2024\/05\/BL_GMC650_.jpg","datePublished":"2024-11-22T17:36:49+00:00","dateModified":"2026-04-28T09:45:51+00:00","description":"Gas monitoring system GMC-650 for multi-channel detection. Modular design for flexible safety configurations. Ensure safety with expert systems.","breadcrumb":{"@id":"https:\/\/bieler-lang.de\/en\/product\/gmc-650\/#breadcrumb"},"inLanguage":"en-US","potentialAction":[{"@type":"ReadAction","target":["https:\/\/bieler-lang.de\/en\/product\/gmc-650\/"]}]},{"@type":"ImageObject","inLanguage":"en-US","@id":"https:\/\/bieler-lang.de\/en\/product\/gmc-650\/#primaryimage","url":"https:\/\/bieler-lang.de\/blcontent\/uploads\/2024\/05\/BL_GMC650_.jpg","contentUrl":"https:\/\/bieler-lang.de\/blcontent\/uploads\/2024\/05\/BL_GMC650_.jpg","width":1200,"height":1080,"caption":"Auswerteger\u00e4t und Controler f\u00fcr sehr gro\u00dfe digitale Gaswarneinrichtungen mit 2-Draht BUS-System"},{"@type":"BreadcrumbList","@id":"https:\/\/bieler-lang.de\/en\/product\/gmc-650\/#breadcrumb","itemListElement":[{"@type":"ListItem","position":1,"name":"Home","item":"https:\/\/bieler-lang.de\/en\/"},{"@type":"ListItem","position":2,"name":"GMC 650"}]},{"@type":"WebSite","@id":"https:\/\/bieler-lang.de\/#website","url":"https:\/\/bieler-lang.de\/","name":"Bieler+Lang","description":"Eine weitere WordPress-Website","potentialAction":[{"@type":"SearchAction","target":{"@type":"EntryPoint","urlTemplate":"https:\/\/bieler-lang.de\/?s={search_term_string}"},"query-input":{"@type":"PropertyValueSpecification","valueRequired":true,"valueName":"search_term_string"}}],"inLanguage":"en-US"}]}},"_links":{"self":[{"href":"https:\/\/bieler-lang.de\/en\/wp-json\/wp\/v2\/product\/7549","targetHints":{"allow":["GET"]}}],"collection":[{"href":"https:\/\/bieler-lang.de\/en\/wp-json\/wp\/v2\/product"}],"about":[{"href":"https:\/\/bieler-lang.de\/en\/wp-json\/wp\/v2\/types\/product"}],"wp:featuredmedia":[{"embeddable":true,"href":"https:\/\/bieler-lang.de\/en\/wp-json\/wp\/v2\/media\/4002"}],"wp:attachment":[{"href":"https:\/\/bieler-lang.de\/en\/wp-json\/wp\/v2\/media?parent=7549"}],"wp:term":[{"taxonomy":"product_brand","embeddable":true,"href":"https:\/\/bieler-lang.de\/en\/wp-json\/wp\/v2\/product_brand?post=7549"},{"taxonomy":"product_cat","embeddable":true,"href":"https:\/\/bieler-lang.de\/en\/wp-json\/wp\/v2\/product_cat?post=7549"},{"taxonomy":"product_tag","embeddable":true,"href":"https:\/\/bieler-lang.de\/en\/wp-json\/wp\/v2\/product_tag?post=7549"}],"curies":[{"name":"wp","href":"https:\/\/api.w.org\/{rel}","templated":true}]}}